{"id":1113,"date":"2024-10-03T13:55:11","date_gmt":"2024-10-03T13:55:11","guid":{"rendered":"https:\/\/aparat.rs\/?post_type=product&#038;p=1113"},"modified":"2025-07-01T09:13:31","modified_gmt":"2025-07-01T09:13:31","slug":"emig-300-lcd","status":"publish","type":"product","link":"https:\/\/aparat.rs\/index.php\/product\/emig-300-lcd\/","title":{"rendered":"EMIG 300 LCD"},"content":{"rendered":"<table>\n<tbody>\n<tr class=\"tr-border-lh\">\n<td><strong>Grupa aparata<\/strong><\/td>\n<td><a href=\"https:\/\/hugong-aparati.rs\/hugong-co2-aparati\/\">HUGONG CO2 aparati<\/a><\/td>\n<\/tr>\n<tr class=\"tr-border-lh\">\n<td class=\"left-row\"><b>Model<\/b><\/td>\n<td>EMIG 300 LCD<\/td>\n<\/tr>\n<tr class=\"tr-border-lh\">\n<td class=\"left-row\"><strong>Napon<\/strong><\/td>\n<td>400 V<\/td>\n<\/tr>\n<tr class=\"tr-border-lh\">\n<td class=\"left-row\"><strong>Snaga<\/strong><\/td>\n<td>11 kVa<\/td>\n<\/tr>\n<tr class=\"tr-border-lh\">\n<td class=\"left-row\"><strong>Napon praznog hoda<\/strong><\/td>\n<td>73 V<\/td>\n<\/tr>\n<tr class=\"tr-border-lh\">\n<td class=\"left-row\"><strong>Struja varenja<\/strong><\/td>\n<td>MIG 30 \u2013 300 A; REL 20 \u2013 250 A; TIG 15 \u2013 300 A<\/td>\n<\/tr>\n<tr class=\"tr-border-lh\">\n<td class=\"left-row\"><strong>Intermitancija<\/strong><\/td>\n<td>40% \u2013 250 A<\/td>\n<\/tr>\n<tr class=\"tr-border-lh\">\n<td class=\"left-row\"><strong>\u017dica<\/strong><\/td>\n<td>0.8 \u2013 1.2 mm<\/td>\n<\/tr>\n<tr class=\"tr-border-lh\">\n<td class=\"left-row\"><strong>Dimenzije aparata<\/strong><\/td>\n<td>1000 x 625 x 710<\/td>\n<\/tr>\n<tr class=\"tr-border-lh\">\n<td class=\"left-row\"><strong>Te\u017eina<\/strong><\/td>\n<td>51 kg<\/td>\n<\/tr>\n<\/tbody>\n<\/table>\n<p>&nbsp;<\/p>\n<p>Glavne prednosti u kratkim crtama:<\/p>\n<ul>\n<li>Snaga od 180 vata za obavljanje raznovrsnih zavariva\u010dkih poslova.<\/li>\n<li>Jednostavnost upotrebe sa intuitivnim kontrolnim panelom i digitalnim displejom.<\/li>\n<li>Izdr\u017eljivost zahvaljuju\u0107i visokokvalitetnim materijalima koji pru\u017eaju dugotrajnost.<\/li>\n<li>Pru\u017ea podr\u0161ku i sigurnost s pouzdanim servisnim timom i sigurnosnim funkcijama.<\/li>\n<\/ul>\n","protected":false},"excerpt":{"rendered":"<ul>\n<li>IGBT Inverter<\/li>\n<li>MIG\/MAG \u2013 REL<\/li>\n<li>Synergic pode\u0161avanje parametara<\/li>\n<li>U\u0161teda elektri\u010dne energije do 30%<\/li>\n<li>Digitalni prikaz parametara<\/li>\n<\/ul>\n","protected":false},"featured_media":2215,"comment_status":"open","ping_status":"closed","template":"","meta":{"_themeisle_gutenberg_block_has_review":false},"product_brand":[],"product_cat":[89],"product_tag":[],"class_list":{"0":"post-1113","1":"product","2":"type-product","3":"status-publish","4":"has-post-thumbnail","6":"product_cat-hugong-mig","8":"first","9":"instock","10":"shipping-taxable","11":"purchasable","12":"product-type-simple"},"jetpack_sharing_enabled":true,"_links":{"self":[{"href":"https:\/\/aparat.rs\/index.php\/wp-json\/wp\/v2\/product\/1113","targetHints":{"allow":["GET"]}}],"collection":[{"href":"https:\/\/aparat.rs\/index.php\/wp-json\/wp\/v2\/product"}],"about":[{"href":"https:\/\/aparat.rs\/index.php\/wp-json\/wp\/v2\/types\/product"}],"replies":[{"embeddable":true,"href":"https:\/\/aparat.rs\/index.php\/wp-json\/wp\/v2\/comments?post=1113"}],"wp:featuredmedia":[{"embeddable":true,"href":"https:\/\/aparat.rs\/index.php\/wp-json\/wp\/v2\/media\/2215"}],"wp:attachment":[{"href":"https:\/\/aparat.rs\/index.php\/wp-json\/wp\/v2\/media?parent=1113"}],"wp:term":[{"taxonomy":"product_brand","embeddable":true,"href":"https:\/\/aparat.rs\/index.php\/wp-json\/wp\/v2\/product_brand?post=1113"},{"taxonomy":"product_cat","embeddable":true,"href":"https:\/\/aparat.rs\/index.php\/wp-json\/wp\/v2\/product_cat?post=1113"},{"taxonomy":"product_tag","embeddable":true,"href":"https:\/\/aparat.rs\/index.php\/wp-json\/wp\/v2\/product_tag?post=1113"}],"curies":[{"name":"wp","href":"https:\/\/api.w.org\/{rel}","templated":true}]}}