{"id":1131,"date":"2024-10-04T06:49:31","date_gmt":"2024-10-04T06:49:31","guid":{"rendered":"https:\/\/aparat.rs\/?post_type=product&#038;p=1131"},"modified":"2025-07-02T09:38:55","modified_gmt":"2025-07-02T09:38:55","slug":"kzubr-800-mig-mma-tig","status":"publish","type":"product","link":"https:\/\/aparat.rs\/index.php\/product\/kzubr-800-mig-mma-tig\/","title":{"rendered":"KZUBR 800 MIG MMA TIG"},"content":{"rendered":"<p><span>Paket uklju\u010duje:<\/span><\/p>\n<p><span>&#8211; Pi\u0161tolj za Tig i Co2 varenje.<\/span><br \/>\n<span>&#8211; Kablovi za elektro varenje.<\/span><br \/>\n<span>&#8211; Maska za varenje.<\/span><br \/>\n<span>&#8211; \u010celi\u010dna \u010detka<\/span><\/p>\n<p>&nbsp;<\/p>\n<p><iframe loading=\"lazy\" title=\"Kzubr 800 mala proba\" width=\"750\" height=\"422\" src=\"https:\/\/www.youtube.com\/embed\/pQhs-LRdPWY?feature=oembed\" frameborder=\"0\" allow=\"accelerometer; autoplay; clipboard-write; encrypted-media; gyroscope; picture-in-picture; web-share\" referrerpolicy=\"strict-origin-when-cross-origin\" allowfullscreen><\/iframe><\/p>\n<p><iframe loading=\"lazy\" title=\"kzubr 800  CO2 pode\u0161avanja\" width=\"750\" height=\"422\" src=\"https:\/\/www.youtube.com\/embed\/CnnKFXlxDA4?feature=oembed\" frameborder=\"0\" allow=\"accelerometer; autoplay; clipboard-write; encrypted-media; gyroscope; picture-in-picture; web-share\" referrerpolicy=\"strict-origin-when-cross-origin\" allowfullscreen><\/iframe><\/p>\n<p>&nbsp;<\/p>\n<p><iframe loading=\"lazy\" title=\"Kzubr 800 oprema\" width=\"750\" height=\"422\" src=\"https:\/\/www.youtube.com\/embed\/95hWFx4kl00?feature=oembed\" frameborder=\"0\" allow=\"accelerometer; autoplay; clipboard-write; encrypted-media; gyroscope; picture-in-picture; web-share\" referrerpolicy=\"strict-origin-when-cross-origin\" allowfullscreen><\/iframe><\/p>\n<p>&nbsp;<\/p>\n<p><iframe loading=\"lazy\" title=\"Kzubr 800 uvod\" width=\"750\" height=\"422\" src=\"https:\/\/www.youtube.com\/embed\/PKvYklstSUM?feature=oembed\" frameborder=\"0\" allow=\"accelerometer; autoplay; clipboard-write; encrypted-media; gyroscope; picture-in-picture; web-share\" referrerpolicy=\"strict-origin-when-cross-origin\" allowfullscreen><\/iframe><\/p>\n<p>&nbsp;<\/p>\n","protected":false},"excerpt":{"rendered":"<p><span>&#8211; Model: \u00a0MIG TIG MMA 800<\/span><br \/>\n<span>&#8211; Snaga: \u00a0800A<\/span><\/p>\n","protected":false},"featured_media":2247,"comment_status":"open","ping_status":"closed","template":"","meta":{"_themeisle_gutenberg_block_has_review":false},"product_brand":[],"product_cat":[113],"product_tag":[],"class_list":{"0":"post-1131","1":"product","2":"type-product","3":"status-publish","4":"has-post-thumbnail","6":"product_cat-kzubr-mig","8":"first","9":"instock","10":"shipping-taxable","11":"purchasable","12":"product-type-simple"},"jetpack_sharing_enabled":true,"_links":{"self":[{"href":"https:\/\/aparat.rs\/index.php\/wp-json\/wp\/v2\/product\/1131","targetHints":{"allow":["GET"]}}],"collection":[{"href":"https:\/\/aparat.rs\/index.php\/wp-json\/wp\/v2\/product"}],"about":[{"href":"https:\/\/aparat.rs\/index.php\/wp-json\/wp\/v2\/types\/product"}],"replies":[{"embeddable":true,"href":"https:\/\/aparat.rs\/index.php\/wp-json\/wp\/v2\/comments?post=1131"}],"wp:featuredmedia":[{"embeddable":true,"href":"https:\/\/aparat.rs\/index.php\/wp-json\/wp\/v2\/media\/2247"}],"wp:attachment":[{"href":"https:\/\/aparat.rs\/index.php\/wp-json\/wp\/v2\/media?parent=1131"}],"wp:term":[{"taxonomy":"product_brand","embeddable":true,"href":"https:\/\/aparat.rs\/index.php\/wp-json\/wp\/v2\/product_brand?post=1131"},{"taxonomy":"product_cat","embeddable":true,"href":"https:\/\/aparat.rs\/index.php\/wp-json\/wp\/v2\/product_cat?post=1131"},{"taxonomy":"product_tag","embeddable":true,"href":"https:\/\/aparat.rs\/index.php\/wp-json\/wp\/v2\/product_tag?post=1131"}],"curies":[{"name":"wp","href":"https:\/\/api.w.org\/{rel}","templated":true}]}}