{"id":1753,"date":"2025-01-15T11:13:56","date_gmt":"2025-01-15T11:13:56","guid":{"rendered":"https:\/\/aparat.rs\/?post_type=product&#038;p=1753"},"modified":"2025-10-09T09:33:59","modified_gmt":"2025-10-09T09:33:59","slug":"invermig-500-separate","status":"publish","type":"product","link":"https:\/\/aparat.rs\/index.php\/product\/invermig-500-separate\/","title":{"rendered":"Invermig 500 separate"},"content":{"rendered":"<table>\n<tbody>\n<tr class=\"tr-border-lh\">\n<td><strong>Grupa aparata<\/strong><\/td>\n<td><a href=\"https:\/\/hugong-aparati.rs\/hugong-co2-aparati\/\">HUGONG CO2 aparati<\/a><\/td>\n<\/tr>\n<tr class=\"tr-border-lh\">\n<td class=\"left-row\"><b>Model<\/b><\/td>\n<td>INVERMIG 500W SEPARATE<\/td>\n<\/tr>\n<tr class=\"tr-border-lh\">\n<td class=\"left-row\"><strong>Napon<\/strong><\/td>\n<td>400 V<\/td>\n<\/tr>\n<tr class=\"tr-border-lh\">\n<td class=\"left-row\"><strong>Snaga<\/strong><\/td>\n<td>27.5 kVa<\/td>\n<\/tr>\n<tr class=\"tr-border-lh\">\n<td class=\"left-row\"><strong>Napon praznog hoda<\/strong><\/td>\n<td>73 V<\/td>\n<\/tr>\n<tr class=\"tr-border-lh\">\n<td class=\"left-row\"><strong>Struja varenja<\/strong><\/td>\n<td>MIG 40 \u2013 500 A<\/td>\n<\/tr>\n<tr class=\"tr-border-lh\">\n<td class=\"left-row\"><strong>Intermitenca<\/strong><\/td>\n<td>MIG 60% \u2013 500 A, 80%-433A, 100%-387A<br \/>\nMMA60% \u2013 490 A, 80%-425A, 100%-380A<\/td>\n<\/tr>\n<tr class=\"tr-border-lh\">\n<td class=\"left-row\"><strong>\u017dica<\/strong><\/td>\n<td>1.0 \u2013 1.6 mm<\/td>\n<\/tr>\n<tr class=\"tr-border-lh\">\n<td class=\"left-row\"><strong>Dimenzije aparata<\/strong><\/td>\n<td>1100 x 470 x 1580 mm<\/td>\n<\/tr>\n<tr class=\"tr-border-lh\">\n<td class=\"left-row\"><strong>Te\u017eina<\/strong><\/td>\n<td>91 kg<\/td>\n<\/tr>\n<\/tbody>\n<\/table>\n<p>&nbsp;<\/p>\n<p>Glavne prednosti u kratkim crtama:<\/p>\n<ul>\n<li>Struja 500 ampera za obavljanje raznovrsnih zavariva\u010dkih poslova.<\/li>\n<li>Jednostavnost upotrebe sa intuitivnim kontrolnim panelom i digitalnim displejom.<\/li>\n<li>Izdr\u017eljivost zahvaljuju\u0107i visokokvalitetnim materijalima koji pru\u017eaju dugotrajnost.<\/li>\n<li>Pru\u017ea podr\u0161ku i sigurnost s pouzdanim servisnim timom i sigurnosnim funkcijama.<\/li>\n<\/ul>\n<h3><\/h3>\n<p>&nbsp;<\/p>\n","protected":false},"excerpt":{"rendered":"<p>Garancija 2 godine.<\/p>\n<p>Cena sa pdv-om.<\/p>\n","protected":false},"featured_media":2213,"comment_status":"open","ping_status":"closed","template":"","meta":{"_themeisle_gutenberg_block_has_review":false},"product_brand":[],"product_cat":[89],"product_tag":[],"class_list":{"0":"post-1753","1":"product","2":"type-product","3":"status-publish","4":"has-post-thumbnail","6":"product_cat-hugong-mig","8":"first","9":"outofstock","10":"shipping-taxable","11":"purchasable","12":"product-type-simple"},"jetpack_sharing_enabled":true,"_links":{"self":[{"href":"https:\/\/aparat.rs\/index.php\/wp-json\/wp\/v2\/product\/1753","targetHints":{"allow":["GET"]}}],"collection":[{"href":"https:\/\/aparat.rs\/index.php\/wp-json\/wp\/v2\/product"}],"about":[{"href":"https:\/\/aparat.rs\/index.php\/wp-json\/wp\/v2\/types\/product"}],"replies":[{"embeddable":true,"href":"https:\/\/aparat.rs\/index.php\/wp-json\/wp\/v2\/comments?post=1753"}],"wp:featuredmedia":[{"embeddable":true,"href":"https:\/\/aparat.rs\/index.php\/wp-json\/wp\/v2\/media\/2213"}],"wp:attachment":[{"href":"https:\/\/aparat.rs\/index.php\/wp-json\/wp\/v2\/media?parent=1753"}],"wp:term":[{"taxonomy":"product_brand","embeddable":true,"href":"https:\/\/aparat.rs\/index.php\/wp-json\/wp\/v2\/product_brand?post=1753"},{"taxonomy":"product_cat","embeddable":true,"href":"https:\/\/aparat.rs\/index.php\/wp-json\/wp\/v2\/product_cat?post=1753"},{"taxonomy":"product_tag","embeddable":true,"href":"https:\/\/aparat.rs\/index.php\/wp-json\/wp\/v2\/product_tag?post=1753"}],"curies":[{"name":"wp","href":"https:\/\/api.w.org\/{rel}","templated":true}]}}