{"id":2098,"date":"2025-05-26T09:21:41","date_gmt":"2025-05-26T09:21:41","guid":{"rendered":"https:\/\/aparat.rs\/?post_type=product&#038;p=2098"},"modified":"2025-08-14T09:20:04","modified_gmt":"2025-08-14T09:20:04","slug":"invermatrix-270-lcd-pulse","status":"publish","type":"product","link":"https:\/\/aparat.rs\/index.php\/product\/invermatrix-270-lcd-pulse\/","title":{"rendered":"Invermatrix 270 LCD pulse"},"content":{"rendered":"<p><strong>Vrste zavarivanja<\/strong>:<\/p>\n<ul>\n<li>DC MIG\/MAG<\/li>\n<li>Pulse MIG\/MAG<\/li>\n<li>Dupli puls MIG\/MAG<\/li>\n<li>Lift tig<\/li>\n<li>MMA<\/li>\n<\/ul>\n<p><strong>Materijali zavarivanja<\/strong> :<\/p>\n<ul>\n<li>Ugljeni \u010delik<\/li>\n<li>Ner\u0111aju\u0107i \u010delik<\/li>\n<li>AL-MG<\/li>\n<li>AL-SI<\/li>\n<li>AL<\/li>\n<li>Cu-Al<\/li>\n<li>Cu-Si<\/li>\n<\/ul>\n<p><strong>Za\u0161titni gas :<\/strong><\/p>\n<ul>\n<li>100%CO2https:\/\/www.youtube.com\/watch?v=xcXV68u_Cf8<\/li>\n<li>82%Ar 18%CO2<\/li>\n<li>97%AR 3%CO2<\/li>\n<li>100%Ar<\/li>\n<li>90%Ar 5%CO2 5%O2<\/li>\n<\/ul>\n<p><strong>Pre\u010dnik \u017eice<\/strong>:\u00a0 0,6; 0,8; 0,9; 1,0; 1,2<\/p>\n<p><strong>Ulazni napon<\/strong> : 3x400V<\/p>\n<p><strong>Osigura\u010d<\/strong> 20A<\/p>\n<p><strong>Intermitenca :<\/strong><\/p>\n<ul>\n<li>60% &#8211; 270A<\/li>\n<li>100%- 209A<\/li>\n<\/ul>\n<p>&nbsp;<\/p>\n<p><iframe loading=\"lazy\" title=\"Invermatrix 270 LCD proba za aluminijum\" width=\"750\" height=\"422\" src=\"https:\/\/www.youtube.com\/embed\/xcXV68u_Cf8?feature=oembed\" frameborder=\"0\" allow=\"accelerometer; autoplay; clipboard-write; encrypted-media; gyroscope; picture-in-picture; web-share\" referrerpolicy=\"strict-origin-when-cross-origin\" allowfullscreen><\/iframe><\/p>\n<p><iframe loading=\"lazy\" title=\"Invermatrix 270 LCD 1\" width=\"750\" height=\"422\" src=\"https:\/\/www.youtube.com\/embed\/WFe5X5CYUq4?feature=oembed\" frameborder=\"0\" allow=\"accelerometer; autoplay; clipboard-write; encrypted-media; gyroscope; picture-in-picture; web-share\" referrerpolicy=\"strict-origin-when-cross-origin\" allowfullscreen><\/iframe><\/p>\n<p><iframe loading=\"lazy\" title=\"Invermatrix 270 LCD 2 proba za elektrodu\" width=\"750\" height=\"422\" src=\"https:\/\/www.youtube.com\/embed\/Lf3oHyz5MNY?feature=oembed\" frameborder=\"0\" allow=\"accelerometer; autoplay; clipboard-write; encrypted-media; gyroscope; picture-in-picture; web-share\" referrerpolicy=\"strict-origin-when-cross-origin\" allowfullscreen><\/iframe><\/p>\n<p><iframe loading=\"lazy\" title=\"Invermatrix 270 LCD 3 proba za DC Tig\" width=\"750\" height=\"422\" src=\"https:\/\/www.youtube.com\/embed\/OK-dyjOuhtw?feature=oembed\" frameborder=\"0\" allow=\"accelerometer; autoplay; clipboard-write; encrypted-media; gyroscope; picture-in-picture; web-share\" referrerpolicy=\"strict-origin-when-cross-origin\" allowfullscreen><\/iframe><\/p>\n<p><iframe loading=\"lazy\" title=\"Invermatrix 270 LCD 4 proba za CO2\" width=\"750\" height=\"422\" src=\"https:\/\/www.youtube.com\/embed\/wOsuK-wVQ7s?feature=oembed\" frameborder=\"0\" allow=\"accelerometer; autoplay; clipboard-write; encrypted-media; gyroscope; picture-in-picture; web-share\" referrerpolicy=\"strict-origin-when-cross-origin\" allowfullscreen><\/iframe><\/p>\n<p><iframe loading=\"lazy\" title=\"Invermatrix 270 LCD 5 proba za miks gas\" width=\"750\" height=\"422\" src=\"https:\/\/www.youtube.com\/embed\/t32r6BiOUc0?feature=oembed\" frameborder=\"0\" allow=\"accelerometer; autoplay; clipboard-write; encrypted-media; gyroscope; picture-in-picture; web-share\" referrerpolicy=\"strict-origin-when-cross-origin\" allowfullscreen><\/iframe><\/p>\n<p>&nbsp;<\/p>\n<p>&nbsp;<\/p>\n<p>&nbsp;<\/p>\n<p>&nbsp;<\/p>\n<p>&nbsp;<\/p>\n<p>&nbsp;<\/p>\n<p>&nbsp;<\/p>\n<p>&nbsp;<\/p>\n<p>&nbsp;<\/p>\n","protected":false},"excerpt":{"rendered":"<p>Invermatrix 270 lcd pulse, aparat za zavarivanje, fokusiran na efikasno i visokokvalitetno zavarivanje svih vrsta metalnih materijala. Aparat ima puls i dupli puls za MIG zavarivanje i ima puls za Lift tig.<\/p>\n<p>Garancija 2 godine<\/p>\n<p>Cena sa pdv-om<\/p>\n","protected":false},"featured_media":2212,"comment_status":"open","ping_status":"closed","template":"","meta":{"_themeisle_gutenberg_block_has_review":false},"product_brand":[],"product_cat":[89],"product_tag":[],"class_list":{"0":"post-2098","1":"product","2":"type-product","3":"status-publish","4":"has-post-thumbnail","6":"product_cat-hugong-mig","8":"first","9":"outofstock","10":"shipping-taxable","11":"purchasable","12":"product-type-simple"},"jetpack_sharing_enabled":true,"_links":{"self":[{"href":"https:\/\/aparat.rs\/index.php\/wp-json\/wp\/v2\/product\/2098","targetHints":{"allow":["GET"]}}],"collection":[{"href":"https:\/\/aparat.rs\/index.php\/wp-json\/wp\/v2\/product"}],"about":[{"href":"https:\/\/aparat.rs\/index.php\/wp-json\/wp\/v2\/types\/product"}],"replies":[{"embeddable":true,"href":"https:\/\/aparat.rs\/index.php\/wp-json\/wp\/v2\/comments?post=2098"}],"wp:featuredmedia":[{"embeddable":true,"href":"https:\/\/aparat.rs\/index.php\/wp-json\/wp\/v2\/media\/2212"}],"wp:attachment":[{"href":"https:\/\/aparat.rs\/index.php\/wp-json\/wp\/v2\/media?parent=2098"}],"wp:term":[{"taxonomy":"product_brand","embeddable":true,"href":"https:\/\/aparat.rs\/index.php\/wp-json\/wp\/v2\/product_brand?post=2098"},{"taxonomy":"product_cat","embeddable":true,"href":"https:\/\/aparat.rs\/index.php\/wp-json\/wp\/v2\/product_cat?post=2098"},{"taxonomy":"product_tag","embeddable":true,"href":"https:\/\/aparat.rs\/index.php\/wp-json\/wp\/v2\/product_tag?post=2098"}],"curies":[{"name":"wp","href":"https:\/\/api.w.org\/{rel}","templated":true}]}}