{"id":2422,"date":"2025-09-12T09:58:12","date_gmt":"2025-09-12T09:58:12","guid":{"rendered":"https:\/\/aparat.rs\/?post_type=product&#038;p=2422"},"modified":"2025-09-15T09:55:28","modified_gmt":"2025-09-15T09:55:28","slug":"jasic-evo-20-mig-200-pfc","status":"publish","type":"product","link":"https:\/\/aparat.rs\/index.php\/product\/jasic-evo-20-mig-200-pfc\/","title":{"rendered":"Jasic evo 20 mig 200 PFC"},"content":{"rendered":"<ul>\n<li><strong>Marka:\u00a0<\/strong>JASIC<\/li>\n<li><strong>\u0160ifra:<span>\u00a0<\/span><\/strong>N2S62<\/li>\n<li><strong>Ulazni napon:<\/strong><span>\u00a0<\/span><span>230 Volti 50\/60 Hz<\/span><\/li>\n<li><strong>Napon bez optere\u0107enja:<\/strong><span>\u00a0<\/span>67 V<\/li>\n<li><strong>MIG \u2013 Ulazna struja:<\/strong><span>\u00a0<\/span>38.3 Ampera<\/li>\n<li><strong>MIG \u2013 Ulazna snaga:<\/strong><span>\u00a0<\/span>5.74 kVA<\/li>\n<li><strong>MIG \u2013 Opseg izlazne struje:<\/strong><span>\u00a0<\/span>30~200 Ampera<\/li>\n<li><strong>MIG \u2013 Radni ciklus:<\/strong><span>\u00a0<\/span>25%<\/li>\n<li><strong>Brzina dotoka \u017eice:<\/strong><span>\u00a0<\/span>2~15 m\/min<\/li>\n<li><strong>Veli\u010dina kalema:<\/strong><span>\u00a0<\/span>D200<\/li>\n<li><strong>MMA \u2013 Ulazna struja:<\/strong><span>\u00a0<\/span>25 Ampera<\/li>\n<li><strong>MMA \u2013 Ulazna snaga:<\/strong><span>\u00a0<\/span>5.77 kVA<\/li>\n<li><strong>MMA \u2013 Opseg izlazne struje:<\/strong>20~180 Ampera<\/li>\n<li><strong>MMA \u2013 Radni ciklus:<\/strong><span>\u00a0<\/span>25%<\/li>\n<li><strong>TIG \u2013 Ulazna struja:<\/strong><span>\u00a0<\/span>19.1 Ampera<\/li>\n<li><strong>TIG \u2013 Ulazna snaga:<\/strong><span>\u00a0<\/span>4.43 kVA<\/li>\n<li><strong>TIG \u2013 Opseg izlazne struje:<\/strong><span>\u00a0<\/span>5~200 Ampera<\/li>\n<li><strong>TIG \u2013 Radni ciklus:<\/strong><span>\u00a0<\/span>25%<\/li>\n<li><strong>Efikasnost:<\/strong><span>\u00a0<\/span>84%<\/li>\n<li><strong>Faktor snage:<\/strong><span>\u00a0<\/span>0.99<\/li>\n<li><strong>Potro\u0161nja u stanju mirovanja:<\/strong><span>\u00a0<\/span>&lt; 50 W<\/li>\n<li><strong>Klasa za\u0161tite:<\/strong><span>\u00a0<\/span>IP23S<\/li>\n<li><strong>Klasa izolacije:<\/strong><span>\u00a0<\/span>H<\/li>\n<li><strong>Dimenzije (D\u00d7\u0160\u00d7V):<\/strong><span>\u00a0<\/span>565 \u00d7 220 \u00d7 415 mm<\/li>\n<li><strong>Neto te\u017eina:<\/strong><span>\u00a0<\/span>16 kg<\/li>\n<\/ul>\n<p><iframe loading=\"lazy\" title=\"Jasic evo 20 mig 200 PFC  4 elektroda \" width=\"750\" height=\"422\" src=\"https:\/\/www.youtube.com\/embed\/nJ-MYN-9V6c?feature=oembed\" frameborder=\"0\" allow=\"accelerometer; autoplay; clipboard-write; encrypted-media; gyroscope; picture-in-picture; web-share\" referrerpolicy=\"strict-origin-when-cross-origin\" allowfullscreen><\/iframe><\/p>\n<p><iframe loading=\"lazy\" title=\"Jasic evo 20 mig 200 PFC 5 proba za CO2 \" width=\"750\" height=\"422\" src=\"https:\/\/www.youtube.com\/embed\/FSGhGjhUqEY?feature=oembed\" frameborder=\"0\" allow=\"accelerometer; autoplay; clipboard-write; encrypted-media; gyroscope; picture-in-picture; web-share\" referrerpolicy=\"strict-origin-when-cross-origin\" allowfullscreen><\/iframe><\/p>\n<p>&nbsp;<\/p>\n<p>&nbsp;<\/p>\n<p>&nbsp;<\/p>\n","protected":false},"excerpt":{"rendered":"<p><span>JASIC EVO 20 MIG200 PFC je profesionalni inverterski aparat za MIG, MMA i TIG Lift zavarivanje. Opremljen ClearVision tehnologijom, sinergijskom kontrolom, VRD za\u0161titom i ABAP sistemom hla\u0111enja. Efikasan, precizan i pouzdan za rad na terenu i u radionici.<\/span><\/p>\n<p>Cena sa pdv-om<\/p>\n<p>Garancija 2 godine.<\/p>\n","protected":false},"featured_media":2423,"comment_status":"open","ping_status":"closed","template":"","meta":{"_themeisle_gutenberg_block_has_review":false},"product_brand":[],"product_cat":[92],"product_tag":[],"class_list":{"0":"post-2422","1":"product","2":"type-product","3":"status-publish","4":"has-post-thumbnail","6":"product_cat-jasic-mig-aparati","8":"first","9":"instock","10":"shipping-taxable","11":"purchasable","12":"product-type-simple"},"jetpack_sharing_enabled":true,"_links":{"self":[{"href":"https:\/\/aparat.rs\/index.php\/wp-json\/wp\/v2\/product\/2422","targetHints":{"allow":["GET"]}}],"collection":[{"href":"https:\/\/aparat.rs\/index.php\/wp-json\/wp\/v2\/product"}],"about":[{"href":"https:\/\/aparat.rs\/index.php\/wp-json\/wp\/v2\/types\/product"}],"replies":[{"embeddable":true,"href":"https:\/\/aparat.rs\/index.php\/wp-json\/wp\/v2\/comments?post=2422"}],"wp:featuredmedia":[{"embeddable":true,"href":"https:\/\/aparat.rs\/index.php\/wp-json\/wp\/v2\/media\/2423"}],"wp:attachment":[{"href":"https:\/\/aparat.rs\/index.php\/wp-json\/wp\/v2\/media?parent=2422"}],"wp:term":[{"taxonomy":"product_brand","embeddable":true,"href":"https:\/\/aparat.rs\/index.php\/wp-json\/wp\/v2\/product_brand?post=2422"},{"taxonomy":"product_cat","embeddable":true,"href":"https:\/\/aparat.rs\/index.php\/wp-json\/wp\/v2\/product_cat?post=2422"},{"taxonomy":"product_tag","embeddable":true,"href":"https:\/\/aparat.rs\/index.php\/wp-json\/wp\/v2\/product_tag?post=2422"}],"curies":[{"name":"wp","href":"https:\/\/api.w.org\/{rel}","templated":true}]}}