{"id":2458,"date":"2025-09-17T09:29:27","date_gmt":"2025-09-17T09:29:27","guid":{"rendered":"https:\/\/aparat.rs\/?post_type=product&#038;p=2458"},"modified":"2025-11-10T10:38:01","modified_gmt":"2025-11-10T10:38:01","slug":"jasic-evo-20-arc-200-pfc","status":"publish","type":"product","link":"https:\/\/aparat.rs\/index.php\/product\/jasic-evo-20-arc-200-pfc\/","title":{"rendered":"Jasic evo 20 ARC 200 PFC"},"content":{"rendered":"<ul>\n<li><strong>Marka:\u00a0<\/strong>JASIC<\/li>\n<li><strong>\u0160ifra:<span>\u00a0<\/span><\/strong>Z2S42<\/li>\n<li><strong>Ulazni napon<\/strong>: 230 Volti, 50\/60 Hz<\/li>\n<li><strong>Napon bez optere\u0107enja:<\/strong><span>\u00a0<\/span>78 V<\/li>\n<li><strong>MMA<\/strong><span>\u00a0<\/span>\u2013 \u00a029.7 A<\/li>\n<li><strong>MMA<\/strong><span>\u00a0<\/span>\u2013 \u00a06.8 kVA<\/li>\n<li><strong>MMA<\/strong><span>\u00a0<\/span>\u2013 \u00a020~200 Ampera<\/li>\n<li><strong>MMA<\/strong><span>\u00a0<\/span>\u2013 Radni ciklus: 25%<\/li>\n<li><strong>TIG<\/strong><span>\u00a0<\/span>\u2013<strong><span>\u00a0<\/span>Nazivna ulazna struja<\/strong>: \u00a019.6 Ampera<\/li>\n<li><strong>TIG<\/strong><span>\u00a0<\/span>\u2013<strong><span>\u00a0<\/span>Ulazna snaga<\/strong>: \u00a04.5 kVA<\/li>\n<li><strong>TIG<\/strong><span>\u00a0<\/span>\u2013 \u00a010~200 Ampera<\/li>\n<li><strong>TIG<\/strong><span>\u00a0<\/span>\u2013<span>\u00a0<\/span><strong>Radni ciklus<\/strong>: 25%<\/li>\n<li><strong>Efikasnost:<\/strong><span>\u00a0<\/span>85%<\/li>\n<li><strong>Faktor snage:<\/strong><span>\u00a0<\/span>0.99<\/li>\n<li><strong>Potro\u0161nja u stanju mirovanja:<\/strong><span>\u00a0<\/span>MMA: 46.8 W, TIG: 7 W<\/li>\n<li><strong>Klasa za\u0161tite:<\/strong><span>\u00a0<\/span>IP23S<\/li>\n<li><strong>Klasa izolacije:<\/strong><span>\u00a0<\/span>H<\/li>\n<li><strong>Dimenzije (D\u00d7\u0160\u00d7V):<\/strong><span>\u00a0<\/span>413 \u00d7 150 \u00d7 311 mm<\/li>\n<li><strong>Neto te\u017eina:<\/strong><span>\u00a0<\/span>7.2 kg<\/li>\n<\/ul>\n<p><iframe loading=\"lazy\" title=\"Jasic Arc 200 PFC, Hugong Estick 200 pfc\" width=\"750\" height=\"422\" src=\"https:\/\/www.youtube.com\/embed\/nUTwaLiRqYc?feature=oembed\" frameborder=\"0\" allow=\"accelerometer; autoplay; clipboard-write; encrypted-media; gyroscope; picture-in-picture; web-share\" referrerpolicy=\"strict-origin-when-cross-origin\" allowfullscreen><\/iframe><\/p>\n<p><iframe loading=\"lazy\" title=\"Jasic Arc 200 PFC \" width=\"750\" height=\"422\" src=\"https:\/\/www.youtube.com\/embed\/pY6ePTy6--I?feature=oembed\" frameborder=\"0\" allow=\"accelerometer; autoplay; clipboard-write; encrypted-media; gyroscope; picture-in-picture; web-share\" referrerpolicy=\"strict-origin-when-cross-origin\" allowfullscreen><\/iframe><\/p>\n<p><iframe loading=\"lazy\" title=\"Jasic arc 200 PFC stick test \" width=\"750\" height=\"422\" src=\"https:\/\/www.youtube.com\/embed\/45vnwwy1Uyo?feature=oembed\" frameborder=\"0\" allow=\"accelerometer; autoplay; clipboard-write; encrypted-media; gyroscope; picture-in-picture; web-share\" referrerpolicy=\"strict-origin-when-cross-origin\" allowfullscreen><\/iframe><\/p>\n<p>&nbsp;<\/p>\n<p>&nbsp;<\/p>\n<p>&nbsp;<\/p>\n<p>&nbsp;<\/p>\n<p>&nbsp;<\/p>\n","protected":false},"excerpt":{"rendered":"<p>Inverterski aparat visokih performansi za MMA i TIG Lift zavarivanje sa PFC tehnologijom. ClearVision displej, automatsko hla\u0111enje, za\u0161tita od pregrevanja i VRD obezbe\u0111uju sigurnost i dug radni vek. Idealan za profesionalce koji tra\u017ee snagu, preciznost i stabilnost \u010dak i prilikom rada sa agregatom.<\/p>\n<p>Cena sa pdv-om<\/p>\n<p>Garancija 2 godine<\/p>\n","protected":false},"featured_media":2459,"comment_status":"open","ping_status":"closed","template":"","meta":{"_themeisle_gutenberg_block_has_review":false},"product_brand":[],"product_cat":[93],"product_tag":[],"class_list":{"0":"post-2458","1":"product","2":"type-product","3":"status-publish","4":"has-post-thumbnail","6":"product_cat-jasic-rel-mma-aparati","8":"first","9":"instock","10":"shipping-taxable","11":"purchasable","12":"product-type-simple"},"jetpack_sharing_enabled":true,"_links":{"self":[{"href":"https:\/\/aparat.rs\/index.php\/wp-json\/wp\/v2\/product\/2458","targetHints":{"allow":["GET"]}}],"collection":[{"href":"https:\/\/aparat.rs\/index.php\/wp-json\/wp\/v2\/product"}],"about":[{"href":"https:\/\/aparat.rs\/index.php\/wp-json\/wp\/v2\/types\/product"}],"replies":[{"embeddable":true,"href":"https:\/\/aparat.rs\/index.php\/wp-json\/wp\/v2\/comments?post=2458"}],"wp:featuredmedia":[{"embeddable":true,"href":"https:\/\/aparat.rs\/index.php\/wp-json\/wp\/v2\/media\/2459"}],"wp:attachment":[{"href":"https:\/\/aparat.rs\/index.php\/wp-json\/wp\/v2\/media?parent=2458"}],"wp:term":[{"taxonomy":"product_brand","embeddable":true,"href":"https:\/\/aparat.rs\/index.php\/wp-json\/wp\/v2\/product_brand?post=2458"},{"taxonomy":"product_cat","embeddable":true,"href":"https:\/\/aparat.rs\/index.php\/wp-json\/wp\/v2\/product_cat?post=2458"},{"taxonomy":"product_tag","embeddable":true,"href":"https:\/\/aparat.rs\/index.php\/wp-json\/wp\/v2\/product_tag?post=2458"}],"curies":[{"name":"wp","href":"https:\/\/api.w.org\/{rel}","templated":true}]}}