{"id":2542,"date":"2025-11-25T11:20:13","date_gmt":"2025-11-25T11:20:13","guid":{"rendered":"https:\/\/aparat.rs\/?post_type=product&#038;p=2542"},"modified":"2026-04-09T07:22:19","modified_gmt":"2026-04-09T07:22:19","slug":"nvmp-200-lcd","status":"publish","type":"product","link":"https:\/\/aparat.rs\/index.php\/product\/nvmp-200-lcd\/","title":{"rendered":"NVPM 200 LCD"},"content":{"rendered":"<table>\n<tbody>\n<tr>\n<th>Tip aparata<\/th>\n<td>MIG\/MAG inverter LCD Pulse<\/td>\n<\/tr>\n<tr>\n<th>Napajanje<\/th>\n<td>1 \u00d7 230 V \/ 50 Hz<\/td>\n<\/tr>\n<tr>\n<th>Podru\u010dje zavarivanja<\/th>\n<td>30 \u2013 200 A<\/td>\n<\/tr>\n<tr>\n<th>Intermitenca<\/th>\n<td>100 % pri 100A, 60% pri 130A, 25% pri 200A<\/td>\n<\/tr>\n<tr>\n<th>Funkcije<\/th>\n<td>Puls, sinergija, 2T\/4T<\/td>\n<\/tr>\n<tr>\n<th>Hla\u0111enje<\/th>\n<td>Vazdu\u0161no<\/td>\n<\/tr>\n<tr>\n<th>Te\u017eina<\/th>\n<td>15 kg<\/td>\n<\/tr>\n<tr>\n<th>Proizvo\u0111a\u010d<\/th>\n<td>Hugong<\/td>\n<\/tr>\n<tr>\n<th>Garancija<\/th>\n<td>24 meseca<\/td>\n<\/tr>\n<\/tbody>\n<\/table>\n<p><iframe loading=\"lazy\" title=\"Hugong NVPM 200 lcd\" width=\"750\" height=\"422\" src=\"https:\/\/www.youtube.com\/embed\/ub7VWCrjrcI?feature=oembed\" frameborder=\"0\" allow=\"accelerometer; autoplay; clipboard-write; encrypted-media; gyroscope; picture-in-picture; web-share\" referrerpolicy=\"strict-origin-when-cross-origin\" allowfullscreen><\/iframe><\/p>\n<p><iframe loading=\"lazy\" title=\"NVPM 200 LCD test 0.6 CO2 \" width=\"750\" height=\"422\" src=\"https:\/\/www.youtube.com\/embed\/8-9kzmcJMC4?feature=oembed\" frameborder=\"0\" allow=\"accelerometer; autoplay; clipboard-write; encrypted-media; gyroscope; picture-in-picture; web-share\" referrerpolicy=\"strict-origin-when-cross-origin\" allowfullscreen><\/iframe><\/p>\n<p><iframe loading=\"lazy\" title=\"NVPM 200 LCD test 0.6 miks gas \" width=\"750\" height=\"422\" src=\"https:\/\/www.youtube.com\/embed\/kD6hV76PsUo?feature=oembed\" frameborder=\"0\" allow=\"accelerometer; autoplay; clipboard-write; encrypted-media; gyroscope; picture-in-picture; web-share\" referrerpolicy=\"strict-origin-when-cross-origin\" allowfullscreen><\/iframe><\/p>\n<p><iframe loading=\"lazy\" title=\"NVPM 200 LCD 0.8 CO2 \" width=\"750\" height=\"422\" src=\"https:\/\/www.youtube.com\/embed\/CMFt01weB7Y?feature=oembed\" frameborder=\"0\" allow=\"accelerometer; autoplay; clipboard-write; encrypted-media; gyroscope; picture-in-picture; web-share\" referrerpolicy=\"strict-origin-when-cross-origin\" allowfullscreen><\/iframe><\/p>\n<p><iframe loading=\"lazy\" title=\"NVPM 200 LCD puls test \" width=\"750\" height=\"422\" src=\"https:\/\/www.youtube.com\/embed\/OC9iFORTJCg?feature=oembed\" frameborder=\"0\" allow=\"accelerometer; autoplay; clipboard-write; encrypted-media; gyroscope; picture-in-picture; web-share\" referrerpolicy=\"strict-origin-when-cross-origin\" allowfullscreen><\/iframe><\/p>\n<p><iframe loading=\"lazy\" title=\"NVPM 200 LCD miks gas \" width=\"750\" height=\"422\" src=\"https:\/\/www.youtube.com\/embed\/_rHF9-O1-1w?feature=oembed\" frameborder=\"0\" allow=\"accelerometer; autoplay; clipboard-write; encrypted-media; gyroscope; picture-in-picture; web-share\" referrerpolicy=\"strict-origin-when-cross-origin\" allowfullscreen><\/iframe><\/p>\n<p><iframe loading=\"lazy\" title=\"NVPM 200 LCD aluminijum test \" width=\"750\" height=\"422\" src=\"https:\/\/www.youtube.com\/embed\/kc7Uf7KRFrc?start=26&#038;feature=oembed\" frameborder=\"0\" allow=\"accelerometer; autoplay; clipboard-write; encrypted-media; gyroscope; picture-in-picture; web-share\" referrerpolicy=\"strict-origin-when-cross-origin\" allowfullscreen><\/iframe><\/p>\n<p>&nbsp;<\/p>\n<p>&nbsp;<\/p>\n<p>&nbsp;<\/p>\n<p>&nbsp;<\/p>\n<p>&nbsp;<\/p>\n<p>&nbsp;<\/p>\n<p>&nbsp;<\/p>\n<p>&nbsp;<\/p>\n<p>&nbsp;<\/p>\n<p>&nbsp;<\/p>\n<p>&nbsp;<\/p>\n<p>&nbsp;<\/p>\n<p>&nbsp;<\/p>\n","protected":false},"excerpt":{"rendered":"<p><span>Hugong NVPM 200 LCD Pulse je MIG\/MAG inverterski aparat sa pulsnom funkcijom, namenjen korisnicima koji zahtevaju visok kvalitet zavara i jednostavno pode\u0161avanje parametara. Sa snagom od 200 A i pulsnim re\u017eimom, ovaj aparat omogu\u0107ava izuzetno \u010diste i kontrolisane varove uz minimalne prskalice, posebno pri radu na tankim materijalima i aluminijumu. LCD displej olak\u0161ava pregled parametara i sinergijsko pode\u0161avanje, dok kompaktna konstrukcija od 15 kg \u010dini aparat pogodnim i za radionice i za terenski rad. Zahvaljuju\u0107i inverterskoj tehnologiji, NVPM 200 LCD Pulse nudi stabilan luk, visoku efikasnost i manju potro\u0161nju energije.<\/span><\/p>\n<p>Cena sa pdv-om<\/p>\n<p>Garancija 2 godine.<\/p>\n","protected":false},"featured_media":2552,"comment_status":"open","ping_status":"closed","template":"","meta":{"_themeisle_gutenberg_block_has_review":false},"product_brand":[],"product_cat":[89],"product_tag":[],"class_list":{"0":"post-2542","1":"product","2":"type-product","3":"status-publish","4":"has-post-thumbnail","6":"product_cat-hugong-mig","8":"first","9":"instock","10":"shipping-taxable","11":"purchasable","12":"product-type-simple"},"jetpack_sharing_enabled":true,"_links":{"self":[{"href":"https:\/\/aparat.rs\/index.php\/wp-json\/wp\/v2\/product\/2542","targetHints":{"allow":["GET"]}}],"collection":[{"href":"https:\/\/aparat.rs\/index.php\/wp-json\/wp\/v2\/product"}],"about":[{"href":"https:\/\/aparat.rs\/index.php\/wp-json\/wp\/v2\/types\/product"}],"replies":[{"embeddable":true,"href":"https:\/\/aparat.rs\/index.php\/wp-json\/wp\/v2\/comments?post=2542"}],"wp:featuredmedia":[{"embeddable":true,"href":"https:\/\/aparat.rs\/index.php\/wp-json\/wp\/v2\/media\/2552"}],"wp:attachment":[{"href":"https:\/\/aparat.rs\/index.php\/wp-json\/wp\/v2\/media?parent=2542"}],"wp:term":[{"taxonomy":"product_brand","embeddable":true,"href":"https:\/\/aparat.rs\/index.php\/wp-json\/wp\/v2\/product_brand?post=2542"},{"taxonomy":"product_cat","embeddable":true,"href":"https:\/\/aparat.rs\/index.php\/wp-json\/wp\/v2\/product_cat?post=2542"},{"taxonomy":"product_tag","embeddable":true,"href":"https:\/\/aparat.rs\/index.php\/wp-json\/wp\/v2\/product_tag?post=2542"}],"curies":[{"name":"wp","href":"https:\/\/api.w.org\/{rel}","templated":true}]}}