{"id":2678,"date":"2025-12-22T10:14:02","date_gmt":"2025-12-22T10:14:02","guid":{"rendered":"https:\/\/aparat.rs\/?post_type=product&#038;p=2678"},"modified":"2025-12-23T13:41:35","modified_gmt":"2025-12-23T13:41:35","slug":"power-i-tig-201dc","status":"publish","type":"product","link":"https:\/\/aparat.rs\/index.php\/product\/power-i-tig-201dc\/","title":{"rendered":"Power i-TIG 201DC"},"content":{"rendered":"<p><strong>Oprema koja dolazi uz aparat:<\/strong><\/p>\n<ul>\n<li>Kabli za tig wp26 sa platnenom za\u0161titom 4m<\/li>\n<li>Kablil za elektrodu 3m<\/li>\n<li>Kabli za masu 3m<\/li>\n<li>Crevo za gas<\/li>\n<li>Set za tig gorionik<\/li>\n<li>Manometar<\/li>\n<\/ul>\n<p><strong>Tehni\u010dke karakteristike:<\/strong><\/p>\n<p>Te\u017eina 13,6kg<\/p>\n<p>Napon napajanja 220v 50\/60HZ<\/p>\n<p>Intermitenca 100% na 160A, 60% na 200A<\/p>\n<p>izlazni napon otvorenog kola 70V<\/p>\n<p class=\"tw-data-text tw-text-small tw-ta\" id=\"tw-target-rmn\" role=\"text\" dir=\"ltr\" tabindex=\"-1\"><span class=\"Y2IQFc\"> <\/span><\/p>\n","protected":false},"excerpt":{"rendered":"<p><span class=\"Y2IQFc\">Cena sa pdv-om <\/span><\/p>\n<p><span class=\"Y2IQFc\"><strong>Garancija 5 godina<\/strong><\/span><\/p>\n<p>Ako tra\u017eite profesionalni aparat za DC TIG\/elektronsko zavarivanje, Everlast Power i-TIG 201 nudi neuporedive karakteristike u ekonomi\u010dnom DC aparatu za zavarivanje. Ure\u0111aj je potpuno opremljen, nudec\u0301i moguc\u0301nost visokofrekventnog starta i pokretanja uz pomoc\u0301 elektronske elektri\u010dne energije. U pore\u0111enju sa drugim DC TIG\/elektronski zavariva\u010dkim aparatima na tr\u017ei\u0161tu, Power i-TIG 201 se povoljno takmi\u010di sa sli\u010dnim aparatima za zavarivanje u svojoj klasi, kao \u0161to su modeli Invertec i Maxstar, po samo delic\u0301 cene. Ovaj ure\u0111aj, zamena za popularni Power i-TIG 200, \u0161iroko koriste profesionalci u specijalizovanim zanatima gde je kontrola toplote va\u017ena, kao \u0161to su kova\u010dnice ili radionice za proizvodnju ner\u0111ajuc\u0301eg \u010delika, zbog svoje moguc\u0301nosti starta pri maloj struji od samo 5 ampera i impulsne funkcije koja precizno kontroli\u0161e toplotu. Novi DC Power i-TIG 201 definitivno zadr\u017eava analogni osec\u0301aj originalnog Power i-TIG 200. Me\u0111utim, po\u0161to sada uklju\u010duje digitalnu kontrolu parametara, rezultat je pojednostavljeni unutra\u0161nji dizajn \u201euklju\u010di i koristi\u201c koji poma\u017ee u obezbe\u0111ivanju pouzdanosti. Da, ure\u0111aj i dalje zadr\u017eava sve karakteristike modela Power i TIG 200, tako da ako ste osoba koja voli da ima kontrole koje mo\u017eete videti i dodirnuti, verovatno c\u0301e biti savr\u0161eno re\u0161enje za va\u0161u radionicu.<\/p>\n","protected":false},"featured_media":2680,"comment_status":"open","ping_status":"closed","template":"","meta":{"_themeisle_gutenberg_block_has_review":false},"product_brand":[],"product_cat":[171,168],"product_tag":[],"class_list":{"0":"post-2678","1":"product","2":"type-product","3":"status-publish","4":"has-post-thumbnail","6":"product_cat-everlast-dc-tig","7":"product_cat-everlast-tig-zavarivanje","9":"first","10":"instock","11":"shipping-taxable","12":"purchasable","13":"product-type-simple"},"jetpack_sharing_enabled":true,"_links":{"self":[{"href":"https:\/\/aparat.rs\/index.php\/wp-json\/wp\/v2\/product\/2678","targetHints":{"allow":["GET"]}}],"collection":[{"href":"https:\/\/aparat.rs\/index.php\/wp-json\/wp\/v2\/product"}],"about":[{"href":"https:\/\/aparat.rs\/index.php\/wp-json\/wp\/v2\/types\/product"}],"replies":[{"embeddable":true,"href":"https:\/\/aparat.rs\/index.php\/wp-json\/wp\/v2\/comments?post=2678"}],"wp:featuredmedia":[{"embeddable":true,"href":"https:\/\/aparat.rs\/index.php\/wp-json\/wp\/v2\/media\/2680"}],"wp:attachment":[{"href":"https:\/\/aparat.rs\/index.php\/wp-json\/wp\/v2\/media?parent=2678"}],"wp:term":[{"taxonomy":"product_brand","embeddable":true,"href":"https:\/\/aparat.rs\/index.php\/wp-json\/wp\/v2\/product_brand?post=2678"},{"taxonomy":"product_cat","embeddable":true,"href":"https:\/\/aparat.rs\/index.php\/wp-json\/wp\/v2\/product_cat?post=2678"},{"taxonomy":"product_tag","embeddable":true,"href":"https:\/\/aparat.rs\/index.php\/wp-json\/wp\/v2\/product_tag?post=2678"}],"curies":[{"name":"wp","href":"https:\/\/api.w.org\/{rel}","templated":true}]}}