{"id":2687,"date":"2025-12-22T11:22:40","date_gmt":"2025-12-22T11:22:40","guid":{"rendered":"https:\/\/aparat.rs\/?post_type=product&#038;p=2687"},"modified":"2026-01-27T07:37:50","modified_gmt":"2026-01-27T07:37:50","slug":"powertig-200dv-acdc","status":"publish","type":"product","link":"https:\/\/aparat.rs\/index.php\/product\/powertig-200dv-acdc\/","title":{"rendered":"PowerTIG 200DV ACDC"},"content":{"rendered":"<p>Oprema koja dolazi uz aparat:<\/p>\n<ul>\n<li>kabli za masu 3m<\/li>\n<li>kabli za elektrodu 3m<\/li>\n<li>tig gorionik wp26 sa platnenom za\u0161titom 4m<\/li>\n<li>set za tig zavarivanje<\/li>\n<li>papu\u010da za tig zavarivanje<\/li>\n<li>manometar ve\u0107i<\/li>\n<li>crevo za gas<\/li>\n<\/ul>\n<p>Tehni\u010dke karakteristike:<\/p>\n<p>Napon napajanja 220V 50\/60HZ<\/p>\n<p>Intermitenca 100%na 160A, 60% na 200A<\/p>\n<p>Napon otvorenog kola 75V<\/p>\n<p>Te\u017eina 25kg<\/p>\n<p><iframe loading=\"lazy\" title=\"Everlast Powertig 200 DV \" width=\"750\" height=\"422\" src=\"https:\/\/www.youtube.com\/embed\/7EpBFhivQv4?feature=oembed\" frameborder=\"0\" allow=\"accelerometer; autoplay; clipboard-write; encrypted-media; gyroscope; picture-in-picture; web-share\" referrerpolicy=\"strict-origin-when-cross-origin\" allowfullscreen><\/iframe><\/p>\n<p><iframe loading=\"lazy\" title=\"Everlast powertig 200 DV settings \" width=\"750\" height=\"422\" src=\"https:\/\/www.youtube.com\/embed\/PH8v36hfiI8?start=4&#038;feature=oembed\" frameborder=\"0\" allow=\"accelerometer; autoplay; clipboard-write; encrypted-media; gyroscope; picture-in-picture; web-share\" referrerpolicy=\"strict-origin-when-cross-origin\" allowfullscreen><\/iframe><\/p>\n<p><iframe loading=\"lazy\" title=\"Everlast powertig 200 DV DC test \" width=\"750\" height=\"422\" src=\"https:\/\/www.youtube.com\/embed\/P6vj6f9TpHM?feature=oembed\" frameborder=\"0\" allow=\"accelerometer; autoplay; clipboard-write; encrypted-media; gyroscope; picture-in-picture; web-share\" referrerpolicy=\"strict-origin-when-cross-origin\" allowfullscreen><\/iframe><\/p>\n<p><iframe loading=\"lazy\" title=\"Everlast powertig 200 DV AC test \" width=\"750\" height=\"422\" src=\"https:\/\/www.youtube.com\/embed\/neYU7USU_dk?feature=oembed\" frameborder=\"0\" allow=\"accelerometer; autoplay; clipboard-write; encrypted-media; gyroscope; picture-in-picture; web-share\" referrerpolicy=\"strict-origin-when-cross-origin\" allowfullscreen><\/iframe><\/p>\n<p><iframe loading=\"lazy\" title=\"Everlast powertig 200 DV pedal \" width=\"750\" height=\"422\" src=\"https:\/\/www.youtube.com\/embed\/pJktEQuXCMw?start=31&#038;feature=oembed\" frameborder=\"0\" allow=\"accelerometer; autoplay; clipboard-write; encrypted-media; gyroscope; picture-in-picture; web-share\" referrerpolicy=\"strict-origin-when-cross-origin\" allowfullscreen><\/iframe><\/p>\n<p>&nbsp;<\/p>\n<p>&nbsp;<\/p>\n<p>&nbsp;<\/p>\n<p>&nbsp;<\/p>\n<p>&nbsp;<\/p>\n<p>&nbsp;<\/p>\n<p>&nbsp;<\/p>\n<p>&nbsp;<\/p>\n<p>&nbsp;<\/p>\n<p>&nbsp;<\/p>\n<p>&nbsp;<\/p>\n","protected":false},"excerpt":{"rendered":"<p>Cena sa pdv-om<\/p>\n<p><strong>Garancija 5 godina<\/strong><\/p>\n<p>Dugogodi\u0161nji standard u Everlast liniji, modeli PowerTIG 200 se koriste u svim vrstama zahtevnih uslova od 2009. godine. Omiljeni su me\u0111u proizvo\u0111a\u010dima lakih i srednjih ma\u0161ina koji \u017eele jednostavan interfejs, ali i dalje \u017eele da imaju vrhunske funkcije. Nesumnjivo, najnovija verzija PowerTIG 200DV je najbolja do sada. Efikasniji je i \u201eiscrpljuje\u201c energiju nego ikad. Tako\u0111e je fino pode\u0161en i robusniji nego ikad. Novi PowerCool 375 hladnjak koji se mo\u017ee slagati savr\u0161eno se uklapa sa PowerTIG 200DV i doprinosi atraktivnosti ure\u0111aja. Sposoban da radi na 120V ili 240V jednofazni 50\/60Hz, ure\u0111aj nudi maksimalne performanse za bilo koju upotrebu. Ure\u0111aj je definitivno prenosiv i mo\u017ee se koristiti sa bilo kojim generatorom koji je nominalne snage 8500W (240V) i koji je sertifikovan od strane proizvo\u0111a\u010da kao \u201e\u010dista snaga\u201c. Ako vam je potreban pouzdan TIG aparat za zavarivanje koji mo\u017eete nositi sa sobom i praviti kvalitetne zavare svakodnevno, PowerTIG 200DV je definitivno ne\u0161to \u0161to treba razmotriti.<\/p>\n","protected":false},"featured_media":2690,"comment_status":"open","ping_status":"closed","template":"","meta":{"_themeisle_gutenberg_block_has_review":false},"product_brand":[],"product_cat":[172,168],"product_tag":[],"class_list":{"0":"post-2687","1":"product","2":"type-product","3":"status-publish","4":"has-post-thumbnail","6":"product_cat-everlast-acdc-tig","7":"product_cat-everlast-tig-zavarivanje","9":"first","10":"outofstock","11":"shipping-taxable","12":"purchasable","13":"product-type-simple"},"jetpack_sharing_enabled":true,"_links":{"self":[{"href":"https:\/\/aparat.rs\/index.php\/wp-json\/wp\/v2\/product\/2687","targetHints":{"allow":["GET"]}}],"collection":[{"href":"https:\/\/aparat.rs\/index.php\/wp-json\/wp\/v2\/product"}],"about":[{"href":"https:\/\/aparat.rs\/index.php\/wp-json\/wp\/v2\/types\/product"}],"replies":[{"embeddable":true,"href":"https:\/\/aparat.rs\/index.php\/wp-json\/wp\/v2\/comments?post=2687"}],"wp:featuredmedia":[{"embeddable":true,"href":"https:\/\/aparat.rs\/index.php\/wp-json\/wp\/v2\/media\/2690"}],"wp:attachment":[{"href":"https:\/\/aparat.rs\/index.php\/wp-json\/wp\/v2\/media?parent=2687"}],"wp:term":[{"taxonomy":"product_brand","embeddable":true,"href":"https:\/\/aparat.rs\/index.php\/wp-json\/wp\/v2\/product_brand?post=2687"},{"taxonomy":"product_cat","embeddable":true,"href":"https:\/\/aparat.rs\/index.php\/wp-json\/wp\/v2\/product_cat?post=2687"},{"taxonomy":"product_tag","embeddable":true,"href":"https:\/\/aparat.rs\/index.php\/wp-json\/wp\/v2\/product_tag?post=2687"}],"curies":[{"name":"wp","href":"https:\/\/api.w.org\/{rel}","templated":true}]}}