{"id":2692,"date":"2025-12-22T11:39:12","date_gmt":"2025-12-22T11:39:12","guid":{"rendered":"https:\/\/aparat.rs\/?post_type=product&#038;p=2692"},"modified":"2026-01-27T07:36:58","modified_gmt":"2026-01-27T07:36:58","slug":"powertig-210ext-acdc","status":"publish","type":"product","link":"https:\/\/aparat.rs\/index.php\/product\/powertig-210ext-acdc\/","title":{"rendered":"PowerTIG 210EXT ACDC"},"content":{"rendered":"<p>Oprema koja dolazi uz aparat:<\/p>\n<ul>\n<li>kabli za masu 3m<\/li>\n<li>kabli za elektrodu 3m<\/li>\n<li>tig gorionik wp26 sa platnenom za\u0161titom 4m i set za gorionik<\/li>\n<li>tig gorionik wp9 sa platnenom za\u0161titom 4m i set za gorionik<\/li>\n<li>manometar ve\u0107i<\/li>\n<li>papu\u010da za tig zavarivanje<\/li>\n<li>crevo za gas<\/li>\n<\/ul>\n<p>Tehni\u010dke karakteristike:<\/p>\n<p>Napon napajanja 220V 50\/60HZ<\/p>\n<p>Intermitenca 100% na 170A, 60% na 210A<\/p>\n<p>Napon otvorenog kola 80V<\/p>\n<p>Te\u017eina 28kg<\/p>\n","protected":false},"excerpt":{"rendered":"<p>Cena sa pdv-om<\/p>\n<p><strong>Garancija 5 godina<\/strong><\/p>\n<p>Ako se pitate \u0161ta mo\u017ee da zna\u010di digitalna mikroprocesorska kontrola, samo pitajte bilo koga ko ju je koristio. Prednosti su brojne, bilo da se radi o povec\u0301anoj produktivnosti, pobolj\u0161anom kvalitetu zavara ili moguc\u0301nosti preciznih pode\u0161avanja i njihovog finog pode\u0161avanja prema ta\u010dnim potrebnim standardima. Sve je to deo prednosti posedovanja PowerTIG 210EXT. Ovaj TIG\/elektronski aparat za zavarivanje kompanije Everlast tako\u0111e ima IGBT invertorsku tehnologiju koja nudi najbolju stabilnost i performanse luka, uz smanjenje veli\u010dine i te\u017eine. Ure\u0111aj ima kontrolu oblika talasa sa tri razli\u010dita oblika talasa: napredni kvadratni talas, meki kvadratni talas i trouglasti talas. Ovo poma\u017ee u fleksibilnosti prilikom zavarivanja aluminijuma. Ali to je samo deo pri\u010de. Ovaj TIG\/elektronski aparat za zavarivanje tako\u0111e ima programabilnu memoriju, podesivu frekvenciju naizmeni\u010dne struje i podesivu kontrolu balansa naizmeni\u010dne struje. Tako\u0111e dobro funkcioni\u0161e kao aparat za elektronsko zavarivanje, sa elementima kao \u0161to su podesivi vruc\u0301i start i kontrola sile luka za maksimalnu fleksibilnost zavarivanja. Novi dizajn HV startovanja luka elimini\u0161e tradicionalne probleme odr\u017eavanja HF komponenti elektronskim upravljanjem startom bez kori\u0161c\u0301enja starog dizajna ta\u010dkastog razmaka. Ure\u0111aj tako\u0111e ima dva impulsna re\u017eima, standardni i napredni impulsni. U naprednom impulsnom re\u017eimu, aparat za zavarivanje osciluje izme\u0111u naizmeni\u010dne i jednosmerne struje, \u0161to omoguc\u0301ava finu kontrolu brzog zamrzavanja na tankim aluminijumskim plo\u010dama i vec\u0301u penetraciju na debelim aluminijumskim plo\u010dama. Iako ure\u0111aj mo\u017ee delovati prili\u010dno slo\u017eeno po svojoj listi karakteristika, on je zapravo prili\u010dno jednostavan, delimi\u010dno zahvaljujuc\u0301i intuitivnom dizajnu koji omoguc\u0301ava brzo i jednostavno pode\u0161avanje, bez obzira da li ste profesionalni zavarivanje ili samo entuzijasta.<\/p>\n","protected":false},"featured_media":2695,"comment_status":"open","ping_status":"closed","template":"","meta":{"_themeisle_gutenberg_block_has_review":false},"product_brand":[],"product_cat":[172,168],"product_tag":[],"class_list":{"0":"post-2692","1":"product","2":"type-product","3":"status-publish","4":"has-post-thumbnail","6":"product_cat-everlast-acdc-tig","7":"product_cat-everlast-tig-zavarivanje","9":"first","10":"outofstock","11":"shipping-taxable","12":"purchasable","13":"product-type-simple"},"jetpack_sharing_enabled":true,"_links":{"self":[{"href":"https:\/\/aparat.rs\/index.php\/wp-json\/wp\/v2\/product\/2692","targetHints":{"allow":["GET"]}}],"collection":[{"href":"https:\/\/aparat.rs\/index.php\/wp-json\/wp\/v2\/product"}],"about":[{"href":"https:\/\/aparat.rs\/index.php\/wp-json\/wp\/v2\/types\/product"}],"replies":[{"embeddable":true,"href":"https:\/\/aparat.rs\/index.php\/wp-json\/wp\/v2\/comments?post=2692"}],"wp:featuredmedia":[{"embeddable":true,"href":"https:\/\/aparat.rs\/index.php\/wp-json\/wp\/v2\/media\/2695"}],"wp:attachment":[{"href":"https:\/\/aparat.rs\/index.php\/wp-json\/wp\/v2\/media?parent=2692"}],"wp:term":[{"taxonomy":"product_brand","embeddable":true,"href":"https:\/\/aparat.rs\/index.php\/wp-json\/wp\/v2\/product_brand?post=2692"},{"taxonomy":"product_cat","embeddable":true,"href":"https:\/\/aparat.rs\/index.php\/wp-json\/wp\/v2\/product_cat?post=2692"},{"taxonomy":"product_tag","embeddable":true,"href":"https:\/\/aparat.rs\/index.php\/wp-json\/wp\/v2\/product_tag?post=2692"}],"curies":[{"name":"wp","href":"https:\/\/api.w.org\/{rel}","templated":true}]}}