{"id":2707,"date":"2025-12-22T12:25:30","date_gmt":"2025-12-22T12:25:30","guid":{"rendered":"https:\/\/aparat.rs\/?post_type=product&#038;p=2707"},"modified":"2025-12-25T13:24:32","modified_gmt":"2025-12-25T13:24:32","slug":"cyclone-253dpi","status":"publish","type":"product","link":"https:\/\/aparat.rs\/index.php\/product\/cyclone-253dpi\/","title":{"rendered":"Cyclone 253 DUPLI PULS"},"content":{"rendered":"<p>Oprema koja dolazi uz aparat:<\/p>\n<ul>\n<li>kabli za masu 3m<\/li>\n<li>kabli za elektrodu 3m<\/li>\n<li>polikabal za mig MB24 3m<\/li>\n<li>gorionik za lif tig WP17<\/li>\n<li>set za tig gorionik<\/li>\n<li>to\u010dki\u0107i za aluminijum i obi\u010dnu \u017eicu<\/li>\n<li>manometar ve\u0107i<\/li>\n<li>crevo za gas<\/li>\n<li>teflonska vodilica<\/li>\n<\/ul>\n<p>Tehni\u010dke karakteristike:<\/p>\n<p>Napon napajanja 220V 50\/60HZ<\/p>\n<p>Intermitenca 100% na 200A, 60% na 275A<\/p>\n<p>Napon otvorenog kola 75V<\/p>\n<p>Te\u017eina 38kg<\/p>\n","protected":false},"excerpt":{"rendered":"<p>Cena sa pdv-om<\/p>\n<p><strong>Garancija 5 godina<\/strong><\/p>\n<p>Ciklon 253DPi je jedan od najsposobnijih aparata za zavarivanje u najnovijoj generaciji impulsnih MIG aparata za zavarivanje kompanije Everlast. Novi Ciklon 253DPi zamenjuje stariji Power i-MIG 253DPi sa mnogim zna\u010dajnim pobolj\u0161anjima. Prvo, novi model Ciklon 253DPi nudi vi\u0161estruke moguc\u0301nosti procesa sa MIG, pulsnim MIG (jednostruki i dvostruki puls), fluksnom jezgrom (sa i bez gasa), DC Lift Start TIG i DC elektri\u010dnom elektrodom. Drugo, ure\u0111aj nudi novi intuitivni LCD ekran dizajniran da pojednostavi pode\u0161avanje sa manje prebacivanja i bez skrivenih menija. Svetli, HD LCD ekran u boji je intuitivan za upotrebu i navigaciju i omoguc\u0301ava korisniku da brzo i precizno podesi aparat. Nema vi\u0161e prebacivanja ili skrolovanja kroz beskrajne stranice da bi se prona\u0161la pode\u0161avanja. Sve je na jednoj stranici i sva pode\u0161avanja su vidljiva istovremeno i raspore\u0111ena su na promi\u0161ljen, logi\u010dan na\u010din tako da pode\u0161avanje glatko te\u010de od jedne funkcije do druge. Trec\u0301e, ure\u0111aj nudi novu opciju programa PowerSet koja dodatno pojednostavljuje pode\u0161avanje za po\u010detnike ili za profesionalne korisnike koji \u017eele brz i jednostavan na\u010din pode\u0161avanja ma\u0161ine jednostavnim unosom osnovnih radnih parametara kao \u0161to su vrsta materijala, pre\u010dnik \u017eice i debljina materijala. Ovo je dostupno u svim procesima. Iako mo\u017eda nije savr\u0161eno za svaku situaciju, korisnik ima dosta moguc\u0301nosti pode\u0161avanja, ali je generalno spre\u010den da previ\u0161e odstupi od ispravnog ili upotrebljivog pode\u0161avanja.<\/p>\n<p>Kao pulsni MIG, Cyclone 253DPi se isti\u010de nudec\u0301i jednostruku i dvostruku (puls na puls\/dvostruki puls) funkciju.<\/p>\n","protected":false},"featured_media":2710,"comment_status":"open","ping_status":"closed","template":"","meta":{"_themeisle_gutenberg_block_has_review":false},"product_brand":[],"product_cat":[169],"product_tag":[],"class_list":{"0":"post-2707","1":"product","2":"type-product","3":"status-publish","4":"has-post-thumbnail","6":"product_cat-everlast-mig-zavarivanje","8":"first","9":"instock","10":"shipping-taxable","11":"purchasable","12":"product-type-simple"},"jetpack_sharing_enabled":true,"_links":{"self":[{"href":"https:\/\/aparat.rs\/index.php\/wp-json\/wp\/v2\/product\/2707","targetHints":{"allow":["GET"]}}],"collection":[{"href":"https:\/\/aparat.rs\/index.php\/wp-json\/wp\/v2\/product"}],"about":[{"href":"https:\/\/aparat.rs\/index.php\/wp-json\/wp\/v2\/types\/product"}],"replies":[{"embeddable":true,"href":"https:\/\/aparat.rs\/index.php\/wp-json\/wp\/v2\/comments?post=2707"}],"wp:featuredmedia":[{"embeddable":true,"href":"https:\/\/aparat.rs\/index.php\/wp-json\/wp\/v2\/media\/2710"}],"wp:attachment":[{"href":"https:\/\/aparat.rs\/index.php\/wp-json\/wp\/v2\/media?parent=2707"}],"wp:term":[{"taxonomy":"product_brand","embeddable":true,"href":"https:\/\/aparat.rs\/index.php\/wp-json\/wp\/v2\/product_brand?post=2707"},{"taxonomy":"product_cat","embeddable":true,"href":"https:\/\/aparat.rs\/index.php\/wp-json\/wp\/v2\/product_cat?post=2707"},{"taxonomy":"product_tag","embeddable":true,"href":"https:\/\/aparat.rs\/index.php\/wp-json\/wp\/v2\/product_tag?post=2707"}],"curies":[{"name":"wp","href":"https:\/\/api.w.org\/{rel}","templated":true}]}}