{"id":2713,"date":"2025-12-22T12:35:36","date_gmt":"2025-12-22T12:35:36","guid":{"rendered":"https:\/\/aparat.rs\/?post_type=product&#038;p=2713"},"modified":"2026-03-10T08:40:05","modified_gmt":"2026-03-10T08:40:05","slug":"cyclone-263","status":"publish","type":"product","link":"https:\/\/aparat.rs\/index.php\/product\/cyclone-263\/","title":{"rendered":"Cyclone 263"},"content":{"rendered":"<p>Oprema koja dolazi uz aparat:<\/p>\n<ul>\n<li>kabli za masu 3m<\/li>\n<li>kabli za elektrodu 3m<\/li>\n<li>polikabal za mig MB36 3m<\/li>\n<li>gorionik za lif tig WP17<\/li>\n<li>set za tig gorionik<\/li>\n<li>to\u010dki\u0107i za aluminijum , obi\u010dnu \u017eicu i punjenu \u017eicu<\/li>\n<li>manometar ve\u0107i<\/li>\n<li>crevo za gas<\/li>\n<\/ul>\n<p>Tehni\u010dke karakteristike:<\/p>\n<p>Napon napajanja 220V 50\/60HZ<\/p>\n<p>Intermitenca 100% na 195A, 60% na 250A, 50% na 275A<\/p>\n<p>Napon otvorenog kola 70V<\/p>\n<p>Te\u017eina 38kg<\/p>\n","protected":false},"excerpt":{"rendered":"<p>Cena sa pdv-om<\/p>\n<p><strong>Garancija 5 godina<\/strong><\/p>\n<p>Pulsna MIG tehnologija je pre\u0161la dug put od svog uvo\u0111enja pre nekoliko decenija. Danas, Ciklon 263Pi nastavlja evoluciju Pulsne MIG tehnologije sa novom digitalno kontrolisanom sinergijskom tehnologijom i prefinjenim programiranjem projektovanim za vrhunske performanse u \u0161irokom spektru primena. Kombinujuc\u0301i brzinu, fleksibilnost i kontrolu, rezultujuc\u0301i visokokvalitetni zavar je savr\u0161ena alternativa za strukturne primene zavarivanja. Sa pravim komercijalnim\/industrijskim dizajnom, Ciklon 263Pi pru\u017ea radni ciklus od 60% pri 275A MIG izlazne snage zavarivanja, sa posebnim pode\u0161avanjima za \u010delik, ner\u0111ajuc\u0301i \u010delik, aluminijum, zavarivanje \u017ei\u010danom \u017eicom i zavarivanje \u017ei\u010danom \u017eicom bez gasa. Potpuno sinergijski puls daje maksimalnu kontrolu nad zavarivanjem, a istovremeno smanjuje prskanje na gotovo nikakvu vrednost. Za primene na daljinu kod aluminijuma, ure\u0111aj je spreman da prihvati i opcione kalemne pi\u0161tolje i pu\u017ene pi\u0161tolje.<\/p>\n<p>Ure\u0111aj nije samo savr\u0161en Pulsni MIG aparat za zavarivanje, vec\u0301 je savr\u0161en i za standardne primene kratkog spoja i zavarivanja raspr\u0161ivanjem, sa MIG pi\u0161toljem za zavarivanje velike snage dizajniranim da izdr\u017ei toplotu i radni ciklus koji je ovaj ure\u0111aj sposoban da proizvede. Ciklon 263Pi tako\u0111e ima napredne moguc\u0301nosti zavarivanja elektrodom sa moguc\u0301no\u0161c\u0301u zavarivanja E6010 i vec\u0301ine drugih elektroda za zavarivanje do 5\/32&#8243; i 3\/16&#8243; (u zavisnosti od tipa), a tako\u0111e ima i moguc\u0301nost pokretanja DC TIG-a sa podizanjem za primene kao \u0161to su cevi, gra\u0111evinarstvo i izrada komercijalnog \u010delika.<\/p>\n","protected":false},"featured_media":2723,"comment_status":"open","ping_status":"closed","template":"","meta":{"_themeisle_gutenberg_block_has_review":false},"product_brand":[],"product_cat":[169],"product_tag":[],"class_list":{"0":"post-2713","1":"product","2":"type-product","3":"status-publish","4":"has-post-thumbnail","6":"product_cat-everlast-mig-zavarivanje","8":"first","9":"outofstock","10":"shipping-taxable","11":"purchasable","12":"product-type-simple"},"jetpack_sharing_enabled":true,"_links":{"self":[{"href":"https:\/\/aparat.rs\/index.php\/wp-json\/wp\/v2\/product\/2713","targetHints":{"allow":["GET"]}}],"collection":[{"href":"https:\/\/aparat.rs\/index.php\/wp-json\/wp\/v2\/product"}],"about":[{"href":"https:\/\/aparat.rs\/index.php\/wp-json\/wp\/v2\/types\/product"}],"replies":[{"embeddable":true,"href":"https:\/\/aparat.rs\/index.php\/wp-json\/wp\/v2\/comments?post=2713"}],"wp:featuredmedia":[{"embeddable":true,"href":"https:\/\/aparat.rs\/index.php\/wp-json\/wp\/v2\/media\/2723"}],"wp:attachment":[{"href":"https:\/\/aparat.rs\/index.php\/wp-json\/wp\/v2\/media?parent=2713"}],"wp:term":[{"taxonomy":"product_brand","embeddable":true,"href":"https:\/\/aparat.rs\/index.php\/wp-json\/wp\/v2\/product_brand?post=2713"},{"taxonomy":"product_cat","embeddable":true,"href":"https:\/\/aparat.rs\/index.php\/wp-json\/wp\/v2\/product_cat?post=2713"},{"taxonomy":"product_tag","embeddable":true,"href":"https:\/\/aparat.rs\/index.php\/wp-json\/wp\/v2\/product_tag?post=2713"}],"curies":[{"name":"wp","href":"https:\/\/api.w.org\/{rel}","templated":true}]}}