{"id":2724,"date":"2025-12-22T13:15:44","date_gmt":"2025-12-22T13:15:44","guid":{"rendered":"https:\/\/aparat.rs\/?post_type=product&#038;p=2724"},"modified":"2025-12-26T10:32:29","modified_gmt":"2025-12-26T10:32:29","slug":"thunder-215","status":"publish","type":"product","link":"https:\/\/aparat.rs\/index.php\/product\/thunder-215\/","title":{"rendered":"Thunder 215"},"content":{"rendered":"<p>Oprema koja dolazi uz aparat:<\/p>\n<ul>\n<li>kabli za masu 3m<\/li>\n<li>kabli za elektrodu 3m<\/li>\n<li>polikabal za mig MB24 3m<\/li>\n<li>gorionik za tig WP26<\/li>\n<li>papu\u010da za tig zavarivanje<\/li>\n<li>set za tig gorionik<\/li>\n<li>manometar ve\u0107i<\/li>\n<li>crevo za gas<\/li>\n<\/ul>\n<p>Tehni\u010dke karakteristike:<\/p>\n<p>Napon napajanja 220V 50\/60HZ<\/p>\n<p>Intermitenca 100% na 130A, 60% na 160A, 35% na 215A<\/p>\n<p>Napon otvorenog kola 80V<\/p>\n<p>Te\u017eina 26kg<\/p>\n","protected":false},"excerpt":{"rendered":"<p>Cena sa pdv-om<\/p>\n<p><strong>Garancija 5 godina<\/strong><\/p>\n<p>Za kupce koji tra\u017ee kompaktnu DC vi\u0161eprocesnu ma\u0161inu sa puno snage, efikasnosti i svestranosti, Everlast Thunder 215 je jasan pobednik. Iako postoji veliki broj konkurenata u svojoj klasi vi\u0161eprocesnih aparata za zavarivanje, Thunder nudi sveukupno bolju vrednost, uz vi\u0161e karakteristika i funkcija u svakom procesu, i to po konkurentnoj ceni i izvanrednoj 5-godi\u0161njoj garanciji. Ure\u0111aj ima maksimalnu izlaznu struju od 215A za TIG i MIG zavarivanje sa odli\u010dnim radnim ciklusom od 35% pri 200A.<\/p>\n<p>Tander 215 ima 4,3-in\u010dni HD LCD ekran u boji koji nudi odli\u010dnu \u010ditljivost sa pozadinom visokog kontrasta i velikim slovima. Sadr\u017ei podsetnike na ekranu za polaritet, napon, pa \u010dak i gas za zavarivanje. Ure\u0111aj nudi jednostavne kontrole sa jasnom intuitivnom kontrolom i navigacijom parametara na ekranu. Aparat nema skrivene menije koji iska\u010du. Sva pode\u0161avanja se vr\u0161e na jednom ekranu. Postoji jo\u0161 jedan dodatni ekran. To je ekran za programiranje kojem se pristupa pomoc\u0301u dugmeta program\/sa\u010duvaj. Ovo otvara ekran programa kada ste spremni da sa\u010duvate sva svoja pode\u0161avanja. Programi se mogu lako prilagoditi po imenu pomoc\u0301u tastature na ekranu i mogu se zaklju\u010dati kako bi se spre\u010dilo neovla\u0161c\u0301eno menjanje. Ure\u0111aj tako\u0111e omoguc\u0301ava korisnicima u regionima koji koriste metri\u010dke vrednosti da pre\u0111u na metri\u010dku nomenklaturu kako bi se eliminisala zabuna u prelasku pode\u0161avanja i vrednosti pode\u0161avanja.<\/p>\n<p>Kada upore\u0111ujete MIG funkcije sa konkurencijom, Tander 215 MTS pru\u017ea glatke, sposobne performanse koje se mogu prilagoditi specifi\u010dnim potrebama korisnika. Sa naprednim parametrima kao \u0161to su pretprotok, zavr\u0161ni protok, tajmer ta\u010dkastog\/\u0161avova, kontrola povratnog sagorevanja i induktivnost, svaki parametar ima&#8230; velikodu\u0161an opseg pode\u0161avanja tako da se ure\u0111aj mo\u017ee precizno podesiti za potrebe korisnika.<\/p>\n<p>TIG performanse tako\u0111e nisu ugro\u017eene. Njegovi konkurenti vas \u010desto primoravaju da koristite gorionik sa gasnim ventilom. Thunder 215 ima visokofrekventno paljenje, ugra\u0111eni gasni solenoid i kontrolu no\u017enom pedalom koja uklju\u010duje prilo\u017eenu no\u017enu pedalu. Me\u0111utim, ako vi\u0161e volite pokretanje podizanjem, sa ili bez kontrole solenoida gasnog ventila ili no\u017ene pedale, ovaj ure\u0111aj se mo\u017ee koristiti i u ovoj konfiguraciji. Sa 2T\/4T i funkcijama daljinskog upravljanja, ovaj ure\u0111aj podjednako dobro radi sa no\u017enom pedalom, daljinskim paljenjem ili \u010dak sa pojednostavljenim pristupom \u201eTIG Rig\u201c. TIG performanse su dodatno upotpunjene potpuno podesivom funkcijom impulsiranja i dobrim pode\u0161avanjem opsega impulsiranja. Za one kojima je potrebna maksimalna kontrola, ure\u0111aj ima pulsnu TIG funkciju koja pulsira do 150Hz. (Imajte na umu da ovaj ure\u0111aj NEMA pulsnu MIG funkciju.)<\/p>\n","protected":false},"featured_media":2730,"comment_status":"open","ping_status":"closed","template":"","meta":{"_themeisle_gutenberg_block_has_review":false},"product_brand":[],"product_cat":[169],"product_tag":[],"class_list":{"0":"post-2724","1":"product","2":"type-product","3":"status-publish","4":"has-post-thumbnail","6":"product_cat-everlast-mig-zavarivanje","8":"first","9":"instock","10":"shipping-taxable","11":"purchasable","12":"product-type-simple"},"jetpack_sharing_enabled":true,"_links":{"self":[{"href":"https:\/\/aparat.rs\/index.php\/wp-json\/wp\/v2\/product\/2724","targetHints":{"allow":["GET"]}}],"collection":[{"href":"https:\/\/aparat.rs\/index.php\/wp-json\/wp\/v2\/product"}],"about":[{"href":"https:\/\/aparat.rs\/index.php\/wp-json\/wp\/v2\/types\/product"}],"replies":[{"embeddable":true,"href":"https:\/\/aparat.rs\/index.php\/wp-json\/wp\/v2\/comments?post=2724"}],"wp:featuredmedia":[{"embeddable":true,"href":"https:\/\/aparat.rs\/index.php\/wp-json\/wp\/v2\/media\/2730"}],"wp:attachment":[{"href":"https:\/\/aparat.rs\/index.php\/wp-json\/wp\/v2\/media?parent=2724"}],"wp:term":[{"taxonomy":"product_brand","embeddable":true,"href":"https:\/\/aparat.rs\/index.php\/wp-json\/wp\/v2\/product_brand?post=2724"},{"taxonomy":"product_cat","embeddable":true,"href":"https:\/\/aparat.rs\/index.php\/wp-json\/wp\/v2\/product_cat?post=2724"},{"taxonomy":"product_tag","embeddable":true,"href":"https:\/\/aparat.rs\/index.php\/wp-json\/wp\/v2\/product_tag?post=2724"}],"curies":[{"name":"wp","href":"https:\/\/api.w.org\/{rel}","templated":true}]}}