{"id":2731,"date":"2025-12-23T08:20:20","date_gmt":"2025-12-23T08:20:20","guid":{"rendered":"https:\/\/aparat.rs\/?post_type=product&#038;p=2731"},"modified":"2026-01-26T13:16:54","modified_gmt":"2026-01-26T13:16:54","slug":"thunder-255","status":"publish","type":"product","link":"https:\/\/aparat.rs\/index.php\/product\/thunder-255\/","title":{"rendered":"Thunder 255"},"content":{"rendered":"<p>Oprema koja dolazi uz aparat:<\/p>\n<ul>\n<li>kabli za masu 3m<\/li>\n<li>kabli za elektrodu 3m<\/li>\n<li>polikabal za mig MB36 3m<\/li>\n<li>gorionik za tig WP26<\/li>\n<li>papu\u010da za tig zavarivanje<\/li>\n<li>set za tig gorionik<\/li>\n<li>manometar ve\u0107i<\/li>\n<li>crevo za gas<\/li>\n<\/ul>\n<p>Tehni\u010dke karakteristike:<\/p>\n<p>Napon napajanja 220V 50\/60HZ<\/p>\n<p>Intermitenca 100% na 160A, 60% na 200A, 35% na 250A<\/p>\n<p>Napon otvorenog kola 70V<\/p>\n<p>Te\u017eina 37kg<\/p>\n","protected":false},"excerpt":{"rendered":"<p>Cena sa pdv-om<\/p>\n<p><strong>Garancija 5 godina<\/strong><\/p>\n<p>Tander 255 je svestrani radni proizvod dizajniran za vi\u0161e procesa. Bez obzira da li vam je potreban aparat za MIG, DC TIG ili zavarivanje elektrodom, ure\u0111aj mo\u017ee da se uklopi u vec\u0301inu radionica za zavarivanje sa potrebama zavarivanja, kao za proizvodnju ili proizvodnju. Legendarna IGBT inverterska tehnologija koju Everlast koristi u ovom ure\u0111aju je digitalno kontrolisana mikroprocesorom kako bi se obezbedio najstabilniji i najkontrolisaniji moguc\u0301i luk u razli\u010ditim okolnostima. Tander 255 tako\u0111e pru\u017ea korisniku \u0161irok spektar funkcija, karakteristika, kao i \u0161irok opseg pode\u0161avanja koji se ne nalazi kod drugih aparata za zavarivanje u ovoj klasi. Tako\u0111e je dodatno podr\u017ean dugoro\u010dno sa Everlast-ovom platinastom 5-godi\u0161njom garancijom ako je ikada potrebna garancija.<\/p>\n<p>Sa ugra\u0111enim dodava\u010dem \u017eice, Tander 255 dobro funkcioni\u0161e i kao standardni MIG (kratki luk i sprej) i kao impulsni MIG (jednostruki impuls) aparat za zavarivanje sa izborom funkcija za oba. Pored toga, ovaj model tako\u0111e ima izbor za FCAW i FCAW-P (samoza\u0161tic\u0301eno fluksno jezgro i gasom za\u0161tic\u0301eno fluksno jezgro) \u017eice.<\/p>\n","protected":false},"featured_media":2736,"comment_status":"open","ping_status":"closed","template":"","meta":{"_themeisle_gutenberg_block_has_review":false},"product_brand":[],"product_cat":[61,169],"product_tag":[],"class_list":{"0":"post-2731","1":"product","2":"type-product","3":"status-publish","4":"has-post-thumbnail","6":"product_cat-aparati","7":"product_cat-everlast-mig-zavarivanje","9":"first","10":"instock","11":"shipping-taxable","12":"purchasable","13":"product-type-simple"},"jetpack_sharing_enabled":true,"_links":{"self":[{"href":"https:\/\/aparat.rs\/index.php\/wp-json\/wp\/v2\/product\/2731","targetHints":{"allow":["GET"]}}],"collection":[{"href":"https:\/\/aparat.rs\/index.php\/wp-json\/wp\/v2\/product"}],"about":[{"href":"https:\/\/aparat.rs\/index.php\/wp-json\/wp\/v2\/types\/product"}],"replies":[{"embeddable":true,"href":"https:\/\/aparat.rs\/index.php\/wp-json\/wp\/v2\/comments?post=2731"}],"wp:featuredmedia":[{"embeddable":true,"href":"https:\/\/aparat.rs\/index.php\/wp-json\/wp\/v2\/media\/2736"}],"wp:attachment":[{"href":"https:\/\/aparat.rs\/index.php\/wp-json\/wp\/v2\/media?parent=2731"}],"wp:term":[{"taxonomy":"product_brand","embeddable":true,"href":"https:\/\/aparat.rs\/index.php\/wp-json\/wp\/v2\/product_brand?post=2731"},{"taxonomy":"product_cat","embeddable":true,"href":"https:\/\/aparat.rs\/index.php\/wp-json\/wp\/v2\/product_cat?post=2731"},{"taxonomy":"product_tag","embeddable":true,"href":"https:\/\/aparat.rs\/index.php\/wp-json\/wp\/v2\/product_tag?post=2731"}],"curies":[{"name":"wp","href":"https:\/\/api.w.org\/{rel}","templated":true}]}}