{"id":2746,"date":"2025-12-23T09:49:27","date_gmt":"2025-12-23T09:49:27","guid":{"rendered":"https:\/\/aparat.rs\/?post_type=product&#038;p=2746"},"modified":"2026-03-05T09:57:52","modified_gmt":"2026-03-05T09:57:52","slug":"powerarc-160isth","status":"publish","type":"product","link":"https:\/\/aparat.rs\/index.php\/product\/powerarc-160isth\/","title":{"rendered":"Powerarc 160iSTH"},"content":{"rendered":"<p><strong>Oprema koja dolazi uz aparat:<\/strong><\/p>\n<ul>\n<li>kabli za elektrodu 3m<\/li>\n<li>kabli za masu 3m<\/li>\n<li>manometar veci<\/li>\n<li>crevo za gas 2m<\/li>\n<li>kabal za tig wp-17 sa platnenom za\u0161titom 4m<\/li>\n<li>set za tig gorionik<\/li>\n<li>kofer<\/li>\n<\/ul>\n<p><strong>Tehni\u010dke karakteristike:<\/strong><\/p>\n<ul>\n<li>te\u017eina 11.34kg<\/li>\n<li>napon napajanja 220v 50\/60HZ<\/li>\n<li>intermitenca 100% na 100A, 60% na 130A, 35% na 160A<\/li>\n<li>izlazni napon otvorenog kola 70V<\/li>\n<\/ul>\n","protected":false},"excerpt":{"rendered":"<p>Cena sa pdv-om<\/p>\n<p><strong>Garancija 5 godina<\/strong><\/p>\n<p>PowerARC 160i STH je potpuno novi model koji je nasledio PowerARC 160STH. Ovaj model zadr\u017eava sve funkcionalnosti starijeg modela, ali to \u010dini sa pouzdanijim i kompaktnijim digitalnim dizajnom. Karakteristike koje su u\u010dinile PowerARC 160STH popularnim i dalje su prisutne i u ovom novom modelu, ali ure\u0111aj ima bolje TIG performanse i sada mo\u017ee biti opremljen dugotrajnom, visokokvalitetnom NOVA no\u017enom pedalom. IGBT inverterski dizajn je i dalje u srcu ure\u0111aja, ali nova digitalna kontrola pojednostavljuje unutra\u0161nja kola i smanjuje odr\u017eavanje i pobolj\u0161ava opcije dugoro\u010dnog servisiranja. Za ljude koji tra\u017ee osnovni DC TIG i aparat za zavarivanje elektrodom, ovaj ure\u0111aj ima ono \u0161to vam je potrebno.<\/p>\n<p>https:\/\/www.youtube.com\/watch?v=erDAV1MM1Os&amp;t=13s<\/p>\n<p>https:\/\/www.youtube.com\/watch?v=OabLLRa-qNE<\/p>\n<p>https:\/\/www.youtube.com\/watch?v=7somz748RjA<\/p>\n<p>https:\/\/www.youtube.com\/watch?v=mkFpqPE4BCg&amp;t=1423s<\/p>\n<p>https:\/\/www.youtube.com\/watch?v=6HkSh-p5mh8<\/p>\n<p>&nbsp;<\/p>\n<p>&nbsp;<\/p>\n<p>&nbsp;<\/p>\n<p>&nbsp;<\/p>\n<p>&nbsp;<\/p>\n<p>&nbsp;<\/p>\n<p>&nbsp;<\/p>\n<p>&nbsp;<\/p>\n","protected":false},"featured_media":2749,"comment_status":"open","ping_status":"closed","template":"","meta":{"_themeisle_gutenberg_block_has_review":false},"product_brand":[],"product_cat":[171,168],"product_tag":[],"class_list":{"0":"post-2746","1":"product","2":"type-product","3":"status-publish","4":"has-post-thumbnail","6":"product_cat-everlast-dc-tig","7":"product_cat-everlast-tig-zavarivanje","9":"first","10":"instock","11":"shipping-taxable","12":"purchasable","13":"product-type-simple"},"jetpack_sharing_enabled":true,"_links":{"self":[{"href":"https:\/\/aparat.rs\/index.php\/wp-json\/wp\/v2\/product\/2746","targetHints":{"allow":["GET"]}}],"collection":[{"href":"https:\/\/aparat.rs\/index.php\/wp-json\/wp\/v2\/product"}],"about":[{"href":"https:\/\/aparat.rs\/index.php\/wp-json\/wp\/v2\/types\/product"}],"replies":[{"embeddable":true,"href":"https:\/\/aparat.rs\/index.php\/wp-json\/wp\/v2\/comments?post=2746"}],"wp:featuredmedia":[{"embeddable":true,"href":"https:\/\/aparat.rs\/index.php\/wp-json\/wp\/v2\/media\/2749"}],"wp:attachment":[{"href":"https:\/\/aparat.rs\/index.php\/wp-json\/wp\/v2\/media?parent=2746"}],"wp:term":[{"taxonomy":"product_brand","embeddable":true,"href":"https:\/\/aparat.rs\/index.php\/wp-json\/wp\/v2\/product_brand?post=2746"},{"taxonomy":"product_cat","embeddable":true,"href":"https:\/\/aparat.rs\/index.php\/wp-json\/wp\/v2\/product_cat?post=2746"},{"taxonomy":"product_tag","embeddable":true,"href":"https:\/\/aparat.rs\/index.php\/wp-json\/wp\/v2\/product_tag?post=2746"}],"curies":[{"name":"wp","href":"https:\/\/api.w.org\/{rel}","templated":true}]}}