{"id":2771,"date":"2025-12-23T12:20:36","date_gmt":"2025-12-23T12:20:36","guid":{"rendered":"https:\/\/aparat.rs\/?post_type=product&#038;p=2771"},"modified":"2026-03-30T10:19:02","modified_gmt":"2026-03-30T10:19:02","slug":"powerarc-200sti","status":"publish","type":"product","link":"https:\/\/aparat.rs\/index.php\/product\/powerarc-200sti\/","title":{"rendered":"Powerarc 200STi"},"content":{"rendered":"<p><strong>Oprema koja dolazi uz aparat:<\/strong><\/p>\n<ul>\n<li>Kabli za elektrodu 3m<\/li>\n<li>Kabli za masu 3m<\/li>\n<li>crevo za gas<\/li>\n<\/ul>\n<p><strong>Tehni\u010dke karakteristike:<\/strong><\/p>\n<p>Te\u017eina 11kg<\/p>\n<p>Napon napajanja 220v 50\/60HZ<\/p>\n<p>Intermitenca 100% na 130A, 60% na 160A, 35% na 200A<\/p>\n<p>Izlazni napon otvorenog kola 70V<\/p>\n<p>Mo\u017ee da radi na agregatu, agregat mora biti 9kw i mora imati \u010dist izlazni napon.<\/p>\n<p><iframe loading=\"lazy\" title=\"Everlast Powerarc 200 STI\" width=\"750\" height=\"422\" src=\"https:\/\/www.youtube.com\/embed\/2xrhRx3ECJA?feature=oembed\" frameborder=\"0\" allow=\"accelerometer; autoplay; clipboard-write; encrypted-media; gyroscope; picture-in-picture; web-share\" referrerpolicy=\"strict-origin-when-cross-origin\" allowfullscreen><\/iframe><\/p>\n","protected":false},"excerpt":{"rendered":"<p>Cena sa pdv-om<\/p>\n<p><strong>Garancija 5 godina<\/strong><\/p>\n<p>Potpuno novi PowerARC 200STi je napravljen imajuc\u0301i u vidu prave profesionalce. Sa 200 ampera DC Stick\/Live Lift TIG snage zavarivanja, novi kompaktni digitalno kontrolisani IGBT invertorski aparat za zavarivanje ne smanjuje performanse ili dizajn. Ure\u0111aj poseduje moguc\u0301nost zavarivanja E6010, \u0161to ga \u010dini pogodnim za upotrebu na cevovodima, brodogradili\u0161tima, gradili\u0161tima, prenosivim popravkama i posudama pod pritiskom i kontejnerima, kao i na bilo kom mestu koje zahteva upotrebu E6010 i srodnih \u0161ipki za zavarivanje na bazi celuloze. Za odli\u010dne performanse luka sa niskim prskanjem na E7018, E7024, E7014, pa \u010dak i elektrodama od ner\u0111ajuc\u0301eg \u010delika, ure\u0111aj ima jo\u0161 jedan priklju\u010dak za sve ostale \u0161ipke za zavarivanje. I u re\u017eimu rada 6010 i u standardnom re\u017eimu, naslednik PowerARC 200ST sada ima podesivi vruc\u0301i start i podesivu kontrolu sile luka, \u0161to vam daje koli\u010dinu kontrole luka koja vam je potrebna u skoro svakoj situaciji. Osnovna DC Live Lift TIG moguc\u0301nost ovog ure\u0111aja tako\u0111e omoguc\u0301ava ure\u0111aju da dobro radi na \u010deliku i ner\u0111ajuc\u0301em \u010deliku. Iako je ovaj ure\u0111aj napravljen za profesionalce koji zahtevaju najvi\u0161e od svog zavariva\u010da, PowerARC 200STi se osec\u0301a kao kod kuc\u0301e, na farmi ili u gara\u017ei hobija i ima rad sa dva napona 120V\/240V. Obavezno nabavite TIG gorionik sa ventilom od 17 gasova i regulator gasa ako \u017eelite da koristite TIG zavarivanje sa ovim ure\u0111ajem. .<\/p>\n","protected":false},"featured_media":2772,"comment_status":"open","ping_status":"closed","template":"","meta":{"_themeisle_gutenberg_block_has_review":false},"product_brand":[],"product_cat":[170],"product_tag":[],"class_list":{"0":"post-2771","1":"product","2":"type-product","3":"status-publish","4":"has-post-thumbnail","6":"product_cat-everlast-mma-zavarivanje","8":"first","9":"instock","10":"shipping-taxable","11":"purchasable","12":"product-type-simple"},"jetpack_sharing_enabled":true,"_links":{"self":[{"href":"https:\/\/aparat.rs\/index.php\/wp-json\/wp\/v2\/product\/2771","targetHints":{"allow":["GET"]}}],"collection":[{"href":"https:\/\/aparat.rs\/index.php\/wp-json\/wp\/v2\/product"}],"about":[{"href":"https:\/\/aparat.rs\/index.php\/wp-json\/wp\/v2\/types\/product"}],"replies":[{"embeddable":true,"href":"https:\/\/aparat.rs\/index.php\/wp-json\/wp\/v2\/comments?post=2771"}],"wp:featuredmedia":[{"embeddable":true,"href":"https:\/\/aparat.rs\/index.php\/wp-json\/wp\/v2\/media\/2772"}],"wp:attachment":[{"href":"https:\/\/aparat.rs\/index.php\/wp-json\/wp\/v2\/media?parent=2771"}],"wp:term":[{"taxonomy":"product_brand","embeddable":true,"href":"https:\/\/aparat.rs\/index.php\/wp-json\/wp\/v2\/product_brand?post=2771"},{"taxonomy":"product_cat","embeddable":true,"href":"https:\/\/aparat.rs\/index.php\/wp-json\/wp\/v2\/product_cat?post=2771"},{"taxonomy":"product_tag","embeddable":true,"href":"https:\/\/aparat.rs\/index.php\/wp-json\/wp\/v2\/product_tag?post=2771"}],"curies":[{"name":"wp","href":"https:\/\/api.w.org\/{rel}","templated":true}]}}