{"id":2923,"date":"2026-01-21T10:47:16","date_gmt":"2026-01-21T10:47:16","guid":{"rendered":"https:\/\/aparat.rs\/?post_type=product&#038;p=2923"},"modified":"2026-02-16T10:55:37","modified_gmt":"2026-02-16T10:55:37","slug":"synmig-200","status":"publish","type":"product","link":"https:\/\/aparat.rs\/index.php\/product\/synmig-200\/","title":{"rendered":"SYNMIG 200"},"content":{"rendered":"<p>Oprema koja dolazi uz aparat:<\/p>\n<ul>\n<li>Polikabli za mig zavarivanje MB15 3m<\/li>\n<li>Kabal za masu i kabal za elektrodu du\u017eine po 2m<\/li>\n<li>rezervni to\u010dki\u0107, dizne, nosa\u010d dizne i \u0161oba<\/li>\n<\/ul>\n<p>Karakteristike aparata:<\/p>\n<p>Monofazni aparat 220V<\/p>\n<p>Napon otvorenog kola 53V<\/p>\n<p>Maksimalna izlazna struja za mig zavarivanje 180A<\/p>\n<p><iframe loading=\"lazy\" title=\"Synmig 200\" width=\"750\" height=\"422\" src=\"https:\/\/www.youtube.com\/embed\/CEoM0kcb-Po?feature=oembed\" frameborder=\"0\" allow=\"accelerometer; autoplay; clipboard-write; encrypted-media; gyroscope; picture-in-picture; web-share\" referrerpolicy=\"strict-origin-when-cross-origin\" allowfullscreen><\/iframe><\/p>\n<p><iframe loading=\"lazy\" title=\"Synmig 200 CO2 test \" width=\"750\" height=\"422\" src=\"https:\/\/www.youtube.com\/embed\/4pl9rFlYIQo?feature=oembed\" frameborder=\"0\" allow=\"accelerometer; autoplay; clipboard-write; encrypted-media; gyroscope; picture-in-picture; web-share\" referrerpolicy=\"strict-origin-when-cross-origin\" allowfullscreen><\/iframe><\/p>\n<p><iframe loading=\"lazy\" title=\"Synmig 200 CO2 test 2\" width=\"750\" height=\"422\" src=\"https:\/\/www.youtube.com\/embed\/cOSt1fUm0L8?feature=oembed\" frameborder=\"0\" allow=\"accelerometer; autoplay; clipboard-write; encrypted-media; gyroscope; picture-in-picture; web-share\" referrerpolicy=\"strict-origin-when-cross-origin\" allowfullscreen><\/iframe><\/p>\n<p><iframe loading=\"lazy\" title=\"Synmig 200 miks gas test \" width=\"750\" height=\"422\" src=\"https:\/\/www.youtube.com\/embed\/QadMUxLC0lc?feature=oembed\" frameborder=\"0\" allow=\"accelerometer; autoplay; clipboard-write; encrypted-media; gyroscope; picture-in-picture; web-share\" referrerpolicy=\"strict-origin-when-cross-origin\" allowfullscreen><\/iframe><\/p>\n<p><iframe loading=\"lazy\" title=\"Synmig 200 inox test \" width=\"750\" height=\"422\" src=\"https:\/\/www.youtube.com\/embed\/pr_NxYKxf2A?feature=oembed\" frameborder=\"0\" allow=\"accelerometer; autoplay; clipboard-write; encrypted-media; gyroscope; picture-in-picture; web-share\" referrerpolicy=\"strict-origin-when-cross-origin\" allowfullscreen><\/iframe><\/p>\n<p><iframe loading=\"lazy\" title=\"Decapower Synmig 200 aluminijum test \" width=\"750\" height=\"422\" src=\"https:\/\/www.youtube.com\/embed\/uM5gSmaFJtU?feature=oembed\" frameborder=\"0\" allow=\"accelerometer; autoplay; clipboard-write; encrypted-media; gyroscope; picture-in-picture; web-share\" referrerpolicy=\"strict-origin-when-cross-origin\" allowfullscreen><\/iframe><\/p>\n<p>&nbsp;<\/p>\n<p><iframe loading=\"lazy\" title=\"Decapower Synmig 200 fluks punjena \u017eica \" width=\"750\" height=\"422\" src=\"https:\/\/www.youtube.com\/embed\/dhJsx3RCd-c?feature=oembed\" frameborder=\"0\" allow=\"accelerometer; autoplay; clipboard-write; encrypted-media; gyroscope; picture-in-picture; web-share\" referrerpolicy=\"strict-origin-when-cross-origin\" allowfullscreen><\/iframe><\/p>\n<p><iframe loading=\"lazy\" title=\"Decapower Synmig 200 DC lift Tig \" width=\"750\" height=\"422\" src=\"https:\/\/www.youtube.com\/embed\/SuP56VE3CFM?feature=oembed\" frameborder=\"0\" allow=\"accelerometer; autoplay; clipboard-write; encrypted-media; gyroscope; picture-in-picture; web-share\" referrerpolicy=\"strict-origin-when-cross-origin\" allowfullscreen><\/iframe><\/p>\n<p><iframe loading=\"lazy\" title=\"Decapower Synmig 200 6013 elektroda 3.2\" width=\"750\" height=\"422\" src=\"https:\/\/www.youtube.com\/embed\/bYxx8t_IAIs?feature=oembed\" frameborder=\"0\" allow=\"accelerometer; autoplay; clipboard-write; encrypted-media; gyroscope; picture-in-picture; web-share\" referrerpolicy=\"strict-origin-when-cross-origin\" allowfullscreen><\/iframe><\/p>\n<p>&nbsp;<\/p>\n<p>&nbsp;<\/p>\n<p>&nbsp;<\/p>\n<p>&nbsp;<\/p>\n<p>&nbsp;<\/p>\n<p>&nbsp;<\/p>\n<p>&nbsp;<\/p>\n<p>&nbsp;<\/p>\n<p>&nbsp;<\/p>\n<p>&nbsp;<\/p>\n","protected":false},"excerpt":{"rendered":"<p>SYNMIG 200 je sinerd\u017eik aparat prvenstveno namenjen za zavarivanje u mig postupku. Namenjen za ku\u0107ne potrebe i laku bravariju. Debljina materijala koji mo\u017ee da vari 2-3mm do 5mm \u0161to ga \u010dini odli\u010dnim za izradu kapija, ograda, nadstre\u0161nica od crnog materijala odnosno gvo\u017e\u0111a. Tako\u0111e, uspe\u0161no mo\u017ee da zavaruje aluminijum u mig postupku.<\/p>\n<p>Preporu\u010dena debljina \u017eice za crni materijal je 0,8mm. Preporu\u010dena debljina \u017eice za zavarivanje aluminijuma je 0,8 i 1,0mm. Tako\u0111e, mo\u017ee da koristi i punjenu \u017eicu.<\/p>\n<p>Cena sa pdv-om<\/p>\n<p>Garancija 2 godine.<\/p>\n","protected":false},"featured_media":2931,"comment_status":"open","ping_status":"closed","template":"","meta":{"_themeisle_gutenberg_block_has_review":false},"product_brand":[],"product_cat":[173],"product_tag":[],"class_list":{"0":"post-2923","1":"product","2":"type-product","3":"status-publish","4":"has-post-thumbnail","6":"product_cat-decapower-mig-zavarivanje","8":"first","9":"instock","10":"shipping-taxable","11":"purchasable","12":"product-type-simple"},"jetpack_sharing_enabled":true,"_links":{"self":[{"href":"https:\/\/aparat.rs\/index.php\/wp-json\/wp\/v2\/product\/2923","targetHints":{"allow":["GET"]}}],"collection":[{"href":"https:\/\/aparat.rs\/index.php\/wp-json\/wp\/v2\/product"}],"about":[{"href":"https:\/\/aparat.rs\/index.php\/wp-json\/wp\/v2\/types\/product"}],"replies":[{"embeddable":true,"href":"https:\/\/aparat.rs\/index.php\/wp-json\/wp\/v2\/comments?post=2923"}],"wp:featuredmedia":[{"embeddable":true,"href":"https:\/\/aparat.rs\/index.php\/wp-json\/wp\/v2\/media\/2931"}],"wp:attachment":[{"href":"https:\/\/aparat.rs\/index.php\/wp-json\/wp\/v2\/media?parent=2923"}],"wp:term":[{"taxonomy":"product_brand","embeddable":true,"href":"https:\/\/aparat.rs\/index.php\/wp-json\/wp\/v2\/product_brand?post=2923"},{"taxonomy":"product_cat","embeddable":true,"href":"https:\/\/aparat.rs\/index.php\/wp-json\/wp\/v2\/product_cat?post=2923"},{"taxonomy":"product_tag","embeddable":true,"href":"https:\/\/aparat.rs\/index.php\/wp-json\/wp\/v2\/product_tag?post=2923"}],"curies":[{"name":"wp","href":"https:\/\/api.w.org\/{rel}","templated":true}]}}