{"id":2933,"date":"2026-01-21T11:20:49","date_gmt":"2026-01-21T11:20:49","guid":{"rendered":"https:\/\/aparat.rs\/?post_type=product&#038;p=2933"},"modified":"2026-02-17T10:48:29","modified_gmt":"2026-02-17T10:48:29","slug":"xtramig-200","status":"publish","type":"product","link":"https:\/\/aparat.rs\/index.php\/product\/xtramig-200\/","title":{"rendered":"XTRAMIG 200"},"content":{"rendered":"<p>Oprema koja dolazi uz aparat:<\/p>\n<ul>\n<li>Polikabli za mig zavarivanje MB15 3m<\/li>\n<li>Kabal za masu i kabal za elektrodu du\u017eine po 2m<\/li>\n<li>rezervni to\u010dki\u0107, dizne, nosa\u010d dizne i \u0161oba<\/li>\n<\/ul>\n<p>Karakteristike aparata:<\/p>\n<p>Monofazni aparat 220V<\/p>\n<p>Napon otvorenog kola 53V<\/p>\n<p>Maksimalna izlazna struja za mig zavarivanje 200A<\/p>\n","protected":false},"excerpt":{"rendered":"<p>XTRAMIG 200 je sinerd\u017eik aparat, prvenstveno namenjen za zavarivanje u mig postupku. Namenjen za ku\u0107ne potrebe i laku bravariju. Debljina materijala koji mo\u017ee da vari 2-3mm do 5mm \u0161to ga \u010dini odli\u010dnim za izradu kapija, ograda, nadstre\u0161nica od crnog materijala odnosno gvo\u017e\u0111a. Tako\u0111e, uspe\u0161no mo\u017ee da zavaruje aluminijum u mig postupku.<\/p>\n<p>Preporu\u010dena debljina \u017eice za crni materijal je 0,8mm. Preporu\u010dena debljina \u017eice za zavarivanje aluminijuma je 0,8 i 1,0mm. Tako\u0111e, mo\u017ee da koristi i punjenu \u017eicu.<\/p>\n<p>Cena sa pdv-om<\/p>\n<p>Garancija 2 godine.<\/p>\n<p>https:\/\/www.youtube.com\/watch?v=9mgrNaGVMzs<\/p>\n<p>https:\/\/www.youtube.com\/watch?v=2qPM4TSG4hE<\/p>\n<p>https:\/\/www.youtube.com\/watch?v=PqO3KEVGse4&amp;pp=0gcJCYcKAYcqIYzv<\/p>\n<p>https:\/\/www.youtube.com\/watch?v=WOtCqsuRepg<\/p>\n<p>https:\/\/www.youtube.com\/watch?v=JCK5u7FsdmI<\/p>\n<p>&nbsp;<\/p>\n<p>&nbsp;<\/p>\n<p>&nbsp;<\/p>\n<p>&nbsp;<\/p>\n<p>&nbsp;<\/p>\n<p>&nbsp;<\/p>\n<p>&nbsp;<\/p>\n<p>&nbsp;<\/p>\n<p>&nbsp;<\/p>\n<p>&nbsp;<\/p>\n<p>&nbsp;<\/p>\n<p>&nbsp;<\/p>\n<p>&nbsp;<\/p>\n<p>&nbsp;<\/p>\n<p>&nbsp;<\/p>\n","protected":false},"featured_media":2941,"comment_status":"open","ping_status":"closed","template":"","meta":{"_themeisle_gutenberg_block_has_review":false},"product_brand":[],"product_cat":[173],"product_tag":[],"class_list":{"0":"post-2933","1":"product","2":"type-product","3":"status-publish","4":"has-post-thumbnail","6":"product_cat-decapower-mig-zavarivanje","8":"first","9":"instock","10":"shipping-taxable","11":"purchasable","12":"product-type-simple"},"jetpack_sharing_enabled":true,"_links":{"self":[{"href":"https:\/\/aparat.rs\/index.php\/wp-json\/wp\/v2\/product\/2933","targetHints":{"allow":["GET"]}}],"collection":[{"href":"https:\/\/aparat.rs\/index.php\/wp-json\/wp\/v2\/product"}],"about":[{"href":"https:\/\/aparat.rs\/index.php\/wp-json\/wp\/v2\/types\/product"}],"replies":[{"embeddable":true,"href":"https:\/\/aparat.rs\/index.php\/wp-json\/wp\/v2\/comments?post=2933"}],"wp:featuredmedia":[{"embeddable":true,"href":"https:\/\/aparat.rs\/index.php\/wp-json\/wp\/v2\/media\/2941"}],"wp:attachment":[{"href":"https:\/\/aparat.rs\/index.php\/wp-json\/wp\/v2\/media?parent=2933"}],"wp:term":[{"taxonomy":"product_brand","embeddable":true,"href":"https:\/\/aparat.rs\/index.php\/wp-json\/wp\/v2\/product_brand?post=2933"},{"taxonomy":"product_cat","embeddable":true,"href":"https:\/\/aparat.rs\/index.php\/wp-json\/wp\/v2\/product_cat?post=2933"},{"taxonomy":"product_tag","embeddable":true,"href":"https:\/\/aparat.rs\/index.php\/wp-json\/wp\/v2\/product_tag?post=2933"}],"curies":[{"name":"wp","href":"https:\/\/api.w.org\/{rel}","templated":true}]}}