{"id":2942,"date":"2026-01-21T12:17:33","date_gmt":"2026-01-21T12:17:33","guid":{"rendered":"https:\/\/aparat.rs\/?post_type=product&#038;p=2942"},"modified":"2026-03-02T13:02:40","modified_gmt":"2026-03-02T13:02:40","slug":"ultramig-230","status":"publish","type":"product","link":"https:\/\/aparat.rs\/index.php\/product\/ultramig-230\/","title":{"rendered":"ULTRAMIG 230"},"content":{"rendered":"<p>Oprema koja dolazi uz aparat:<\/p>\n<ul>\n<li>Polikabli za mig zavarivanje MB25 3m<\/li>\n<li>Kabal za masu i kabal za elektrodu du\u017eine po 2m<\/li>\n<li>rezervni to\u010dki\u0107i, dizne, nosa\u010d dizne i \u0161obe<\/li>\n<li>crevo za gas<\/li>\n<li>teflonska vodilica<\/li>\n<li>\u010deki\u0107 za obijanje \u0161ljake<\/li>\n<li>za\u0161titne rukavice<\/li>\n<\/ul>\n<p>Karakteristike aparata:<\/p>\n<p>Monofazni aparat 220V<\/p>\n<p>Napon otvorenog kola 60V<\/p>\n<p>Maksimalna izlazna struja za mig zavarivanje 200A<\/p>\n<p><iframe loading=\"lazy\" title=\"Decapower Ultramig 230 pulse \" width=\"750\" height=\"422\" src=\"https:\/\/www.youtube.com\/embed\/rVNF3uiqveo?feature=oembed\" frameborder=\"0\" allow=\"accelerometer; autoplay; clipboard-write; encrypted-media; gyroscope; picture-in-picture; web-share\" referrerpolicy=\"strict-origin-when-cross-origin\" allowfullscreen><\/iframe><\/p>\n<p><iframe loading=\"lazy\" title=\"Decapower Ultramig 230 pulse display \" width=\"750\" height=\"422\" src=\"https:\/\/www.youtube.com\/embed\/kpdamDkpyc4?feature=oembed\" frameborder=\"0\" allow=\"accelerometer; autoplay; clipboard-write; encrypted-media; gyroscope; picture-in-picture; web-share\" referrerpolicy=\"strict-origin-when-cross-origin\" allowfullscreen><\/iframe><\/p>\n<p>&nbsp;<\/p>\n<p><iframe loading=\"lazy\" title=\"Decapower Ultramig 230 pulse miks gas puls test \" width=\"750\" height=\"422\" src=\"https:\/\/www.youtube.com\/embed\/DnRf2BAvVcU?feature=oembed\" frameborder=\"0\" allow=\"accelerometer; autoplay; clipboard-write; encrypted-media; gyroscope; picture-in-picture; web-share\" referrerpolicy=\"strict-origin-when-cross-origin\" allowfullscreen><\/iframe><\/p>\n<p><iframe loading=\"lazy\" title=\"Decapower Ultramig 230 aluminijum test \" width=\"750\" height=\"422\" src=\"https:\/\/www.youtube.com\/embed\/dgqxlVgwVaU?feature=oembed\" frameborder=\"0\" allow=\"accelerometer; autoplay; clipboard-write; encrypted-media; gyroscope; picture-in-picture; web-share\" referrerpolicy=\"strict-origin-when-cross-origin\" allowfullscreen><\/iframe><\/p>\n<p><iframe loading=\"lazy\" title=\"Decapower Ultramig 230 pulse co2 test \" width=\"750\" height=\"422\" src=\"https:\/\/www.youtube.com\/embed\/-uyfhATRCi4?feature=oembed\" frameborder=\"0\" allow=\"accelerometer; autoplay; clipboard-write; encrypted-media; gyroscope; picture-in-picture; web-share\" referrerpolicy=\"strict-origin-when-cross-origin\" allowfullscreen><\/iframe><\/p>\n<p>https:\/\/www.youtube.com\/watch?v=9ScBNN3MSr0<\/p>\n<p>&nbsp;<\/p>\n<p>&nbsp;<\/p>\n<p>&nbsp;<\/p>\n<p>&nbsp;<\/p>\n<p>&nbsp;<\/p>\n<p>&nbsp;<\/p>\n<p>&nbsp;<\/p>\n<p>&nbsp;<\/p>\n<pre class=\"tw-data-text tw-text-small tw-ta\" data-placeholder=\"\" role=\"text\" dir=\"ltr\" tabindex=\"-1\"><span class=\"Y2IQFc\">\u00a0<\/span><\/pre>\n<pre class=\"tw-data-text tw-text-small tw-ta\" data-placeholder=\"\" id=\"tw-target-rmn\" role=\"text\" dir=\"ltr\" tabindex=\"-1\"><span class=\"Y2IQFc\"><\/span><\/pre>\n","protected":false},"excerpt":{"rendered":"<pre class=\"tw-data-text tw-text-small tw-ta\" data-placeholder=\"\" role=\"text\" dir=\"ltr\" tabindex=\"-1\"><span class=\"Y2IQFc\">1. Vi\u0161estruki procesi u 1\r\n2. PULS I DUPLI PULS\r\n3. MIG sinergisti\u010dka i ru\u010dna funkcija, pogodno za po\u010detnike i profesionalce\r\n4. Pogodno za \u010delik, ner\u0111ajuc\u0301i \u010delik, aluminijum\r\n<\/span><\/pre>\n<pre class=\"tw-data-text tw-text-small tw-ta\" data-placeholder=\"\" role=\"text\" dir=\"ltr\" tabindex=\"-1\"><span class=\"Y2IQFc\">LCD displej prikazuje sve detalje pomoc\u0301u ikona koje su veoma lako razumljive.\r\nPulsiranje zavarivanje smanjuje toplotu i minimizira prskanje, bez ugro\u017eavanja prodora, tako da je savr\u0161eno za tanke materijale poput aluminijuma.<\/span><\/pre>\n","protected":false},"featured_media":2987,"comment_status":"open","ping_status":"closed","template":"","meta":{"_themeisle_gutenberg_block_has_review":false},"product_brand":[],"product_cat":[173],"product_tag":[],"class_list":{"0":"post-2942","1":"product","2":"type-product","3":"status-publish","4":"has-post-thumbnail","6":"product_cat-decapower-mig-zavarivanje","8":"first","9":"outofstock","10":"shipping-taxable","11":"purchasable","12":"product-type-simple"},"jetpack_sharing_enabled":true,"_links":{"self":[{"href":"https:\/\/aparat.rs\/index.php\/wp-json\/wp\/v2\/product\/2942","targetHints":{"allow":["GET"]}}],"collection":[{"href":"https:\/\/aparat.rs\/index.php\/wp-json\/wp\/v2\/product"}],"about":[{"href":"https:\/\/aparat.rs\/index.php\/wp-json\/wp\/v2\/types\/product"}],"replies":[{"embeddable":true,"href":"https:\/\/aparat.rs\/index.php\/wp-json\/wp\/v2\/comments?post=2942"}],"wp:featuredmedia":[{"embeddable":true,"href":"https:\/\/aparat.rs\/index.php\/wp-json\/wp\/v2\/media\/2987"}],"wp:attachment":[{"href":"https:\/\/aparat.rs\/index.php\/wp-json\/wp\/v2\/media?parent=2942"}],"wp:term":[{"taxonomy":"product_brand","embeddable":true,"href":"https:\/\/aparat.rs\/index.php\/wp-json\/wp\/v2\/product_brand?post=2942"},{"taxonomy":"product_cat","embeddable":true,"href":"https:\/\/aparat.rs\/index.php\/wp-json\/wp\/v2\/product_cat?post=2942"},{"taxonomy":"product_tag","embeddable":true,"href":"https:\/\/aparat.rs\/index.php\/wp-json\/wp\/v2\/product_tag?post=2942"}],"curies":[{"name":"wp","href":"https:\/\/api.w.org\/{rel}","templated":true}]}}