{"id":732,"date":"2024-09-19T13:49:06","date_gmt":"2024-09-19T13:49:06","guid":{"rendered":"https:\/\/aparat.rs\/?post_type=product&#038;p=732"},"modified":"2025-07-02T08:52:42","modified_gmt":"2025-07-02T08:52:42","slug":"ragnamig-204-tech","status":"publish","type":"product","link":"https:\/\/aparat.rs\/index.php\/product\/ragnamig-204-tech\/","title":{"rendered":"Ragnamig 204 TECH"},"content":{"rendered":"<p><strong>Paket uklju\u010duje :<\/strong><\/p>\n<p>Ragnamig 204 TECH<\/p>\n<p>Gorionik MIG 25 4M<\/p>\n<p>Kabal 16mm2 3m i kle\u0161ta za masu 300A<\/p>\n<p>Crevo za plin 3m sa brzom spojnicom<\/p>\n<p>Rezervni valjak za \u017eicu 0,6-0,8 v<\/p>\n<p>Garancija 2 godine<\/p>\n<p>&nbsp;<\/p>\n<p><strong><a href=\"https:\/\/aparat.rs\/wp-content\/uploads\/2024\/09\/DETALJNE-SPECIFIKACIJE-RAGNAMIG-204-TECH.pdf\">DETALJNE SPECIFIKACIJE RAGNAMIG 204 TECH<\/a><\/strong><\/p>\n<p>&nbsp;<\/p>\n<p>&nbsp;<\/p>\n<p><iframe loading=\"lazy\" title=\"RAGNAMIG 204 TECH\" width=\"750\" height=\"422\" src=\"https:\/\/www.youtube.com\/embed\/2LHNo3FMBm0?feature=oembed\" frameborder=\"0\" allow=\"accelerometer; autoplay; clipboard-write; encrypted-media; gyroscope; picture-in-picture; web-share\" referrerpolicy=\"strict-origin-when-cross-origin\" allowfullscreen><\/iframe><\/p>\n<p>&nbsp;<\/p>\n<p>&nbsp;<\/p>\n<p>&nbsp;<\/p>\n<p><iframe loading=\"lazy\" title=\"RAGNAMIG 204 TECH ma\u0161ina\" width=\"750\" height=\"422\" src=\"https:\/\/www.youtube.com\/embed\/dUO17-TEE6U?feature=oembed\" frameborder=\"0\" allow=\"accelerometer; autoplay; clipboard-write; encrypted-media; gyroscope; picture-in-picture; web-share\" referrerpolicy=\"strict-origin-when-cross-origin\" allowfullscreen><\/iframe><\/p>\n<p>&nbsp;<\/p>\n<p><iframe loading=\"lazy\" title=\"RAGNAMIG 204 TECH proba mig\" width=\"750\" height=\"422\" src=\"https:\/\/www.youtube.com\/embed\/lmtt3aa6fYE?feature=oembed\" frameborder=\"0\" allow=\"accelerometer; autoplay; clipboard-write; encrypted-media; gyroscope; picture-in-picture; web-share\" referrerpolicy=\"strict-origin-when-cross-origin\" allowfullscreen><\/iframe><\/p>\n","protected":false},"excerpt":{"rendered":"<p>RagnaMig 204 Tech je jedinstven aparat za zavarivanje \u201c4u1\u201d koji omogu\u0107ava SYNERGIC\/MANUAL MIG, LIFT TIG, MMA i HF TIG AC\/DC postupke zavarivanja \u0161to ga \u010dini svestranim aparatom pogodnim za mnoge radionice na razli\u010ditim materijalima kao \u0161to je aluminijum.<\/p>\n<p>Vrlo lagan i prenosiv, ima ugra\u0111eni PFC modul i proizvodi stabilan luk od 200 A za zavarivanje mekog \u010delika, nehr\u0111aju\u0107eg \u010delika, mesinga, bakra i aluminija. Mo\u017ee nositi do 5 kg (D200) kolut \u017eice.<\/p>\n<p>Ima 2T\/4T okida\u010d u MIG i TIG na\u010dinu rada. Dodatna upotreba gorionika sa kolutom za \u017eicu i promena polariteta za zavarivanje omogu\u0107ava zavarivanje bez plina (punjena \u017eica).<\/p>\n<p>Zaista jedinstven aparat za profesionalce u proizvodnji!<\/p>\n","protected":false},"featured_media":733,"comment_status":"open","ping_status":"closed","template":"","meta":{"_themeisle_gutenberg_block_has_review":false},"product_brand":[],"product_cat":[109],"product_tag":[],"class_list":{"0":"post-732","1":"product","2":"type-product","3":"status-publish","4":"has-post-thumbnail","6":"product_cat-ragnar_mig","8":"first","9":"outofstock","10":"shipping-taxable","11":"purchasable","12":"product-type-simple"},"jetpack_sharing_enabled":true,"_links":{"self":[{"href":"https:\/\/aparat.rs\/index.php\/wp-json\/wp\/v2\/product\/732","targetHints":{"allow":["GET"]}}],"collection":[{"href":"https:\/\/aparat.rs\/index.php\/wp-json\/wp\/v2\/product"}],"about":[{"href":"https:\/\/aparat.rs\/index.php\/wp-json\/wp\/v2\/types\/product"}],"replies":[{"embeddable":true,"href":"https:\/\/aparat.rs\/index.php\/wp-json\/wp\/v2\/comments?post=732"}],"wp:featuredmedia":[{"embeddable":true,"href":"https:\/\/aparat.rs\/index.php\/wp-json\/wp\/v2\/media\/733"}],"wp:attachment":[{"href":"https:\/\/aparat.rs\/index.php\/wp-json\/wp\/v2\/media?parent=732"}],"wp:term":[{"taxonomy":"product_brand","embeddable":true,"href":"https:\/\/aparat.rs\/index.php\/wp-json\/wp\/v2\/product_brand?post=732"},{"taxonomy":"product_cat","embeddable":true,"href":"https:\/\/aparat.rs\/index.php\/wp-json\/wp\/v2\/product_cat?post=732"},{"taxonomy":"product_tag","embeddable":true,"href":"https:\/\/aparat.rs\/index.php\/wp-json\/wp\/v2\/product_tag?post=732"}],"curies":[{"name":"wp","href":"https:\/\/api.w.org\/{rel}","templated":true}]}}