{"id":972,"date":"2024-09-27T11:52:23","date_gmt":"2024-09-27T11:52:23","guid":{"rendered":"https:\/\/aparat.rs\/?post_type=product&#038;p=972"},"modified":"2025-08-14T09:54:42","modified_gmt":"2025-08-14T09:54:42","slug":"varmig-301-i-lcd-pulse","status":"publish","type":"product","link":"https:\/\/aparat.rs\/index.php\/product\/varmig-301-i-lcd-pulse\/","title":{"rendered":"Varmig 301- i LCD PULSE"},"content":{"rendered":"<p>&nbsp;<\/p>\n<table>\n<tbody>\n<tr class=\"tr-border-lh\">\n<td><strong>Proizvo\u0111a\u010d<\/strong><\/td>\n<td><a href=\"https:\/\/asalati.rs\/varstroj-aparati-za-zavarivanje-srbija\">Varstoj<\/a><\/td>\n<\/tr>\n<tr class=\"tr-border-lh\">\n<td class=\"left-row\"><b>Model<\/b><\/td>\n<td>Varmig 301-i LCD pulse<\/td>\n<\/tr>\n<tr class=\"tr-border-lh\">\n<td class=\"left-row\"><strong>Priklju\u010dni napon<\/strong><\/td>\n<td>3\u00d7400\u00b110%<\/td>\n<\/tr>\n<tr class=\"tr-border-lh\">\n<td class=\"left-row\"><strong>Maksimalna priklju\u010dna snaga kVa<\/strong><\/td>\n<td>MIG 11.7\/9.7<br \/>\nTIG 9.0\/6.9<br \/>\nMMA 10.4\/8.3<\/td>\n<\/tr>\n<tr class=\"tr-border-lh\">\n<td class=\"left-row\"><strong>Potro\u0161nja u praznom hodu<\/strong><\/td>\n<td>50 W<\/td>\n<\/tr>\n<tr class=\"tr-border-lh\">\n<td class=\"left-row\"><strong>Podru\u010dje zavarivanja<\/strong><\/td>\n<td>MIG 50 \u2013 300 A<br \/>\nTIG 10 \u2013 300 A<br \/>\nMMA 10 \u2013 250 A<\/td>\n<\/tr>\n<tr class=\"tr-border-lh\">\n<td class=\"left-row\"><strong>Intermitenca(40\u00b0C 10min)<\/strong><\/td>\n<td>MIG 60% 300A \u2013 100% 232A<br \/>\nTIG 60% 300A \u2013 100% 232A<br \/>\nMMA 60% 250A \u2013 100% 194A<\/td>\n<\/tr>\n<tr class=\"tr-border-lh\">\n<td class=\"left-row\"><strong>Napon praznog hoda<\/strong><\/td>\n<td>78 V<\/td>\n<\/tr>\n<tr class=\"tr-border-lh\">\n<td class=\"left-row\"><strong>Efikasnost<\/strong><\/td>\n<td>&gt; 85 %<\/td>\n<\/tr>\n<tr class=\"tr-border-lh\">\n<td class=\"left-row\"><b>Za\u0161tita<\/b><\/td>\n<td>IP 21S (klasa H)<\/td>\n<\/tr>\n<tr class=\"tr-border-lh\">\n<td class=\"left-row\"><strong>Hla\u0111enje<\/strong><\/td>\n<td>vazdu\u0161no, ventilator<\/td>\n<\/tr>\n<tr class=\"tr-border-lh\">\n<td class=\"left-row\"><strong>Pre\u010dnik \u017eice\/elektrode<\/strong><\/td>\n<td>MIG 0.8 \u2013 1.0 \u2013 1.2 mm<br \/>\nTIG<br \/>\nMMA \u00d82.5,\u00d83.2,\u00d84.0<\/td>\n<\/tr>\n<tr class=\"tr-border-lh\">\n<td class=\"left-row\"><strong>Dimenzije<\/strong><\/td>\n<td>660 x 245 x 430 mm<\/td>\n<\/tr>\n<tr class=\"tr-border-lh\">\n<td class=\"left-row\"><strong>Te\u017eina<\/strong><\/td>\n<td>50 kg<\/td>\n<\/tr>\n<tr class=\"tr-border-lh\">\n<td class=\"left-row\"><strong>Primena<\/strong><\/td>\n<td>industrija<\/td>\n<\/tr>\n<\/tbody>\n<\/table>\n<p>&nbsp;<\/p>\n<p><iframe loading=\"lazy\" title=\"Varmig 301 i LCD Pulse\" width=\"750\" height=\"422\" src=\"https:\/\/www.youtube.com\/embed\/B9EXlSg-dtk?feature=oembed\" frameborder=\"0\" allow=\"accelerometer; autoplay; clipboard-write; encrypted-media; gyroscope; picture-in-picture; web-share\" referrerpolicy=\"strict-origin-when-cross-origin\" allowfullscreen><\/iframe><\/p>\n<p>&nbsp;<\/p>\n<p><iframe loading=\"lazy\" title=\"Varmig 301 i LCD Pulse 2\" width=\"750\" height=\"422\" src=\"https:\/\/www.youtube.com\/embed\/q1rKXIxtKmY?feature=oembed\" frameborder=\"0\" allow=\"accelerometer; autoplay; clipboard-write; encrypted-media; gyroscope; picture-in-picture; web-share\" referrerpolicy=\"strict-origin-when-cross-origin\" allowfullscreen><\/iframe><\/p>\n<p>&nbsp;<\/p>\n<p><iframe loading=\"lazy\" title=\"Varmig 301 i LCD Pulse 3\" width=\"750\" height=\"422\" src=\"https:\/\/www.youtube.com\/embed\/mE7pjKPHtRM?feature=oembed\" frameborder=\"0\" allow=\"accelerometer; autoplay; clipboard-write; encrypted-media; gyroscope; picture-in-picture; web-share\" referrerpolicy=\"strict-origin-when-cross-origin\" allowfullscreen><\/iframe><\/p>\n<p>&nbsp;<\/p>\n<p>&nbsp;<\/p>\n<p>&nbsp;<\/p>\n","protected":false},"excerpt":{"rendered":"<ul class=\"wp-block-list\">\n<li>MIG, MMA i LIFT TIG funkcija<\/li>\n<li>VRD funcija, Synergic<\/li>\n<li>Inverter napredna tehnologija, pove\u0107ana pouzdanost<\/li>\n<li>Kompletan pribor \u2013 manometar, kle\u0161ta za masu, MIG gorionik<\/li>\n<\/ul>\n","protected":false},"featured_media":2230,"comment_status":"open","ping_status":"closed","template":"","meta":{"_themeisle_gutenberg_block_has_review":false},"product_brand":[],"product_cat":[119],"product_tag":[],"class_list":{"0":"post-972","1":"product","2":"type-product","3":"status-publish","4":"has-post-thumbnail","6":"product_cat-varstroj-mig-aparati","8":"first","9":"outofstock","10":"shipping-taxable","11":"purchasable","12":"product-type-simple"},"jetpack_sharing_enabled":true,"_links":{"self":[{"href":"https:\/\/aparat.rs\/index.php\/wp-json\/wp\/v2\/product\/972","targetHints":{"allow":["GET"]}}],"collection":[{"href":"https:\/\/aparat.rs\/index.php\/wp-json\/wp\/v2\/product"}],"about":[{"href":"https:\/\/aparat.rs\/index.php\/wp-json\/wp\/v2\/types\/product"}],"replies":[{"embeddable":true,"href":"https:\/\/aparat.rs\/index.php\/wp-json\/wp\/v2\/comments?post=972"}],"wp:featuredmedia":[{"embeddable":true,"href":"https:\/\/aparat.rs\/index.php\/wp-json\/wp\/v2\/media\/2230"}],"wp:attachment":[{"href":"https:\/\/aparat.rs\/index.php\/wp-json\/wp\/v2\/media?parent=972"}],"wp:term":[{"taxonomy":"product_brand","embeddable":true,"href":"https:\/\/aparat.rs\/index.php\/wp-json\/wp\/v2\/product_brand?post=972"},{"taxonomy":"product_cat","embeddable":true,"href":"https:\/\/aparat.rs\/index.php\/wp-json\/wp\/v2\/product_cat?post=972"},{"taxonomy":"product_tag","embeddable":true,"href":"https:\/\/aparat.rs\/index.php\/wp-json\/wp\/v2\/product_tag?post=972"}],"curies":[{"name":"wp","href":"https:\/\/api.w.org\/{rel}","templated":true}]}}